{"id":951,"date":"2026-02-06T15:36:00","date_gmt":"2026-02-06T15:36:00","guid":{"rendered":"https:\/\/dev.tulpenfestival.nl\/?page_id=951"},"modified":"2026-02-06T15:37:30","modified_gmt":"2026-02-06T15:37:30","slug":"die-geschichte-der-tulpe","status":"publish","type":"page","link":"https:\/\/tulpenfestival.nl\/de\/die-geschichte-der-tulpe\/","title":{"rendered":"Geschichte der Tulpe"},"content":{"rendered":"<div data-elementor-type=\"wp-page\" data-elementor-id=\"951\" class=\"elementor elementor-951\" data-elementor-post-type=\"page\">\n\t\t\t\t<div class=\"elementor-element elementor-element-b8f0170 e-flex e-con-boxed e-con e-parent\" data-id=\"b8f0170\" data-element_type=\"container\" data-settings=\"{&quot;background_background&quot;:&quot;gradient&quot;}\">\n\t\t\t\t\t<div class=\"e-con-inner\">\n\t\t\t\t<div class=\"elementor-element elementor-element-e40004d elementor-widget elementor-widget-heading\" data-id=\"e40004d\" data-element_type=\"widget\" data-widget_type=\"heading.default\">\n\t\t\t\t\t<h2 class=\"elementor-heading-title elementor-size-default\">Geschichte der Tulpe<\/h2>\t\t\t\t<\/div>\n\t\t\t\t<div class=\"elementor-element elementor-element-af1fe29 elementor-widget elementor-widget-text-editor\" data-id=\"af1fe29\" data-element_type=\"widget\" data-widget_type=\"text-editor.default\">\n\t\t\t\t\t\t\t\t\t<p>Endlos beliebt<\/p>\t\t\t\t\t\t\t\t<\/div>\n\t\t\t\t\t<\/div>\n\t\t\t\t<\/div>\n\t\t<div class=\"elementor-element elementor-element-def2e00 e-flex e-con-boxed e-con e-parent\" data-id=\"def2e00\" data-element_type=\"container\">\n\t\t\t\t\t<div class=\"e-con-inner\">\n\t\t\t\t<div class=\"elementor-element elementor-element-be0fad5 elementor-widget elementor-widget-text-editor\" data-id=\"be0fad5\" data-element_type=\"widget\" data-widget_type=\"text-editor.default\">\n\t\t\t\t\t\t\t\t\t<p>Tulpen stammen aus der T\u00fcrkei und wurden erst im 16. Jahrhundert in unser Land eingef\u00fchrt. Das Wort Tulpe stammt von dem lateinischen Wort Tulipa: die Blume, die einem Turban \u00e4hnelt.<\/p><p>Im 16. Jahrhundert kam die Tulpe in die Niederlande. Der Botaniker Carolus Clusius spielte dabei eine wichtige Rolle. Durch sein Netzwerk erreichte die Tulpe viele wohlhabende Menschen in unserem Land. Jahrhundert wurde die Tulpe so beliebt, dass sich ein regelrechter Windhandel entwickelte, bei dem viel Geld f\u00fcr eine einzige Tulpe gezahlt wurde. Auch nach diesem Windhandel blieb die Tulpe in den Niederlanden beliebt. Jahrhundert dehnte sich der kommerzielle Anbau von Haarlem auf die Blumenzwiebelregion aus, und im 20. Jahrhundert erreichte er auch andere Teile der Niederlande, wie die Spitze Nordhollands und Westfriesland.<\/p><p><strong>Tulpen im Nordostpolder<\/strong><br \/>Am 9. September 1942 fiel der Polder offiziell trocken. Danach wurde der Nordostpolder in rasantem Tempo angelegt und erschlossen. So entstand ein einzigartiges landwirtschaftliches Gebiet. Anfang der 1960er Jahre wurden im Polder die ersten Tulpen gepflanzt. Der Boden im Nordostpolder ist daf\u00fcr besonders geeignet. Heute werden jedes Jahr etwa 2.000 Hektar Tulpen gepflanzt. Insgesamt werden dort fast 1 Milliarde verkaufsf\u00e4hige Zwiebeln produziert. Neben Tulpen werden im Noordoostpolder auch Lilien, Gladiolen und blaue Trauben angebaut. Noordoostpolder ist fl\u00e4chenm\u00e4\u00dfig das drittgr\u00f6\u00dfte Blumenzwiebelanbaugebiet in den Niederlanden.<\/p><p><strong>Auch Tulpen im Winter<\/strong><br \/>Tulpen bl\u00fchen haupts\u00e4chlich im Fr\u00fchjahr. Seit langem ist es jedoch m\u00f6glich, bl\u00fchende Tulpen auch zu anderen Jahreszeiten zu kaufen: Das ist die Arbeit von Tulpenz\u00fcchtern, den sogenannten Foragern. Sie kaufen die Tulpenzwiebeln im Sommer, um sie im Winter zum Bl\u00fchen zu bringen. Im Herbst werden die Tulpenzwiebeln in einem K\u00fchlhaus einer Temperaturbehandlung unterzogen. Die Zwiebel glaubt dann, es sei Winter. Nach dieser K\u00e4ltebehandlung bringt der Z\u00fcchter die Tulpen in ein warmes Gew\u00e4chshaus, wo sich die Zwiebel innerhalb weniger Wochen in eine bl\u00fchende Tulpe verwandelt. Die Bl\u00fcten werden abgeschnitten und in Str\u00e4u\u00dfen verkauft. Im Sommer beginnt der Prozess wieder von vorne.<\/p>\t\t\t\t\t\t\t\t<\/div>\n\t\t\t\t\t<\/div>\n\t\t\t\t<\/div>\n\t\t\t\t<\/div>","protected":false},"excerpt":{"rendered":"<p>Geschichte der Tulpe Unendlich beliebt Tulpen stammen urspr\u00fcnglich aus der T\u00fcrkei und wurden erst im 16. Jahrhundert bei uns eingef\u00fchrt. Das Wort Tulpe kommt vom lateinischen Wort [...].<\/p>","protected":false},"author":1,"featured_media":0,"parent":0,"menu_order":0,"comment_status":"closed","ping_status":"closed","template":"","meta":{"footnotes":""},"class_list":["post-951","page","type-page","status-publish","hentry"],"_links":{"self":[{"href":"https:\/\/tulpenfestival.nl\/de\/wp-json\/wp\/v2\/pages\/951","targetHints":{"allow":["GET"]}}],"collection":[{"href":"https:\/\/tulpenfestival.nl\/de\/wp-json\/wp\/v2\/pages"}],"about":[{"href":"https:\/\/tulpenfestival.nl\/de\/wp-json\/wp\/v2\/types\/page"}],"author":[{"embeddable":true,"href":"https:\/\/tulpenfestival.nl\/de\/wp-json\/wp\/v2\/users\/1"}],"replies":[{"embeddable":true,"href":"https:\/\/tulpenfestival.nl\/de\/wp-json\/wp\/v2\/comments?post=951"}],"version-history":[{"count":4,"href":"https:\/\/tulpenfestival.nl\/de\/wp-json\/wp\/v2\/pages\/951\/revisions"}],"predecessor-version":[{"id":955,"href":"https:\/\/tulpenfestival.nl\/de\/wp-json\/wp\/v2\/pages\/951\/revisions\/955"}],"wp:attachment":[{"href":"https:\/\/tulpenfestival.nl\/de\/wp-json\/wp\/v2\/media?parent=951"}],"curies":[{"name":"wp","href":"https:\/\/api.w.org\/{rel}","templated":true}]}}