{"id":94,"date":"2025-11-16T11:19:34","date_gmt":"2025-11-16T11:19:34","guid":{"rendered":"https:\/\/dev.tulpenfestival.nl\/?page_id=94"},"modified":"2026-01-10T23:31:40","modified_gmt":"2026-01-10T23:31:40","slug":"nachrichten","status":"publish","type":"page","link":"https:\/\/tulpenfestival.nl\/de\/nachrichten\/","title":{"rendered":"Nachrichten"},"content":{"rendered":"<div data-elementor-type=\"wp-page\" data-elementor-id=\"94\" class=\"elementor elementor-94\" data-elementor-post-type=\"page\">\n\t\t\t\t<div class=\"elementor-element elementor-element-6715b00 e-con-full e-flex e-con e-parent\" data-id=\"6715b00\" data-element_type=\"container\" data-settings=\"{&quot;background_background&quot;:&quot;gradient&quot;,&quot;shape_divider_bottom&quot;:&quot;mountains&quot;}\">\n\t\t\t\t<div class=\"elementor-shape elementor-shape-bottom\" aria-hidden=\"true\" data-negative=\"false\">\n\t\t\t<svg xmlns=\"http:\/\/www.w3.org\/2000\/svg\" viewbox=\"0 0 1000 100\" preserveaspectratio=\"none\">\n\t<path class=\"elementor-shape-fill\" opacity=\"0.33\" d=\"M473,67.3c-203.9,88.3-263.1-34-320.3,0C66,119.1,0,59.7,0,59.7V0h1000v59.7 c0,0-62.1,26.1-94.9,29.3c-32.8,3.3-62.8-12.3-75.8-22.1C806,49.6,745.3,8.7,694.9,4.7S492.4,59,473,67.3z\"\/>\n\t<path class=\"elementor-shape-fill\" opacity=\"0.66\" d=\"M734,67.3c-45.5,0-77.2-23.2-129.1-39.1c-28.6-8.7-150.3-10.1-254,39.1 s-91.7-34.4-149.2,0C115.7,118.3,0,39.8,0,39.8V0h1000v36.5c0,0-28.2-18.5-92.1-18.5C810.2,18.1,775.7,67.3,734,67.3z\"\/>\n\t<path class=\"elementor-shape-fill\" d=\"M766.1,28.9c-200-57.5-266,65.5-395.1,19.5C242,1.8,242,5.4,184.8,20.6C128,35.8,132.3,44.9,89.9,52.5C28.6,63.7,0,0,0,0 h1000c0,0-9.9,40.9-83.6,48.1S829.6,47,766.1,28.9z\"\/>\n<\/svg>\t\t<\/div>\n\t\t<div class=\"elementor-element elementor-element-32a612d e-con-full e-flex e-con e-child\" data-id=\"32a612d\" data-element_type=\"container\" data-settings=\"{&quot;background_background&quot;:&quot;classic&quot;}\">\n\t\t<div class=\"elementor-element elementor-element-31a2167 e-con-full e-flex e-con e-child\" data-id=\"31a2167\" data-element_type=\"container\">\n\t\t\t\t<div class=\"elementor-element elementor-element-b832c57 elementor-widget elementor-widget-heading\" data-id=\"b832c57\" data-element_type=\"widget\" data-widget_type=\"heading.default\">\n\t\t\t\t\t<h2 class=\"elementor-heading-title elementor-size-default\">Nachrichten<\/h2>\t\t\t\t<\/div>\n\t\t\t\t<div class=\"elementor-element elementor-element-d50ed0b elementor-widget elementor-widget-text-editor\" data-id=\"d50ed0b\" data-element_type=\"widget\" data-widget_type=\"text-editor.default\">\n\t\t\t\t\t\t\t\t\t\nImmer auf dem Laufenden mit den neuesten Nachrichten zum Tulpenfestival\t\t\t\t\t\t\t\t<\/div>\n\t\t\t\t<\/div>\n\t\t\t\t<\/div>\n\t\t\t\t<\/div>\n\t\t<div class=\"elementor-element elementor-element-2c6abee e-flex e-con-boxed e-con e-parent\" data-id=\"2c6abee\" data-element_type=\"container\">\n\t\t\t\t\t<div class=\"e-con-inner\">\n\t\t\t\t<div class=\"elementor-element elementor-element-5cef503 elementor-widget elementor-widget-hfe-basic-posts\" data-id=\"5cef503\" data-element_type=\"widget\" data-widget_type=\"hfe-basic-posts.default\">\n\t\t\t\t<div class=\"elementor-widget-container\">\n\t\t\t\t\t\n<div class=\"hfe-posts-grid\">\n\t\t\t<article class=\"hfe-post-card\">\n\t\t\t\t\t\t\t<div class=\"hfe-post-image\">\n\t\t\t\t\t<a href=\"https:\/\/tulpenfestival.nl\/de\/2026\/04\/07\/profytodsd-bleibt-stolzer-hauptsponsor-tulpenfestival-nordostpolder\/\" rel=\"bookmark\">\n\t\t\t\t\t\t<img loading=\"lazy\" decoding=\"async\" width=\"300\" height=\"169\" src=\"https:\/\/tulpenfestival.nl\/wp-content\/uploads\/2026\/04\/Foto-Samenwerking-Profytodsd-Tulpenfestival-300x169.jpg\" class=\"attachment-medium size-medium wp-post-image\" alt=\"Profytodsd bleibt stolzer Hauptsponsor Tulpenfestival Noordoostpolder\" srcset=\"https:\/\/tulpenfestival.nl\/wp-content\/uploads\/2026\/04\/Foto-Samenwerking-Profytodsd-Tulpenfestival-300x169.jpg 300w, https:\/\/tulpenfestival.nl\/wp-content\/uploads\/2026\/04\/Foto-Samenwerking-Profytodsd-Tulpenfestival-1024x576.jpg 1024w, https:\/\/tulpenfestival.nl\/wp-content\/uploads\/2026\/04\/Foto-Samenwerking-Profytodsd-Tulpenfestival-768x432.jpg 768w, https:\/\/tulpenfestival.nl\/wp-content\/uploads\/2026\/04\/Foto-Samenwerking-Profytodsd-Tulpenfestival-1536x864.jpg 1536w, https:\/\/tulpenfestival.nl\/wp-content\/uploads\/2026\/04\/Foto-Samenwerking-Profytodsd-Tulpenfestival-18x10.jpg 18w, https:\/\/tulpenfestival.nl\/wp-content\/uploads\/2026\/04\/Foto-Samenwerking-Profytodsd-Tulpenfestival.jpg 1600w\" sizes=\"auto, (max-width: 300px) 100vw, 300px\" \/>\t\t\t\t\t<\/a>\n\t\t\t\t<\/div>\n\t\t\t\n\t\t\t<div class=\"hfe-post-content\">\n\t\t\t\t\t\t\t\t\t<h3 class=\"hfe-post-title\">\n\t\t\t\t\t\t<a href=\"https:\/\/tulpenfestival.nl\/de\/2026\/04\/07\/profytodsd-bleibt-stolzer-hauptsponsor-tulpenfestival-nordostpolder\/\" rel=\"bookmark\">\n\t\t\t\t\t\t\tProfytodsd bleibt stolzer Hauptsponsor Tulpenfestival Noordoostpolder\t\t\t\t\t\t<\/a>\n\t\t\t\t\t<\/h3>\n\t\t\t\t\n\t\t\t\t\t\t\t\t\t<div class=\"hfe-post-meta\">\n\t\t\t\t\t\t<span class=\"hfe-post-date\">7. April, 2026<\/span><span class=\"hfe-meta-separator\"> | <\/span><span class=\"hfe-post-author\">by Floortje van Staveren-Ruijter<\/span>\t\t\t\t\t<\/div>\n\t\t\t\t\n\t\t\t\t\t\t\t\t\t<div class=\"hfe-post-excerpt\">\n\t\t\t\t\t\tProfytodsd hat sich f\u00fcr die kommenden drei Jahre erneut dem Tulpenfestival Noordoostpolder angeschlossen. Der Sponsoringvertrag markiert eine weitere Zusammenarbeit...\t\t\t\t\t<\/div>\n\t\t\t\t\n\t\t\t\t\t\t\t\t\t<a href=\"https:\/\/tulpenfestival.nl\/de\/2026\/04\/07\/profytodsd-bleibt-stolzer-hauptsponsor-tulpenfestival-nordostpolder\/\" class=\"hfe-read-more\" rel=\"bookmark\">\n\t\t\t\t\t\tMehr lesen \u2192\t\t\t\t\t<\/a>\n\t\t\t\t\t\t\t<\/div>\n\t\t<\/article>\n\t\t\t\t<article class=\"hfe-post-card\">\n\t\t\t\t\t\t\t<div class=\"hfe-post-image\">\n\t\t\t\t\t<a href=\"https:\/\/tulpenfestival.nl\/de\/2026\/04\/01\/poldertoren-offnet-mit-abendvorstellung-wahrend-des-starts-des-tulpenfestivals\/\" rel=\"bookmark\">\n\t\t\t\t\t\t<img loading=\"lazy\" decoding=\"async\" width=\"300\" height=\"225\" src=\"https:\/\/tulpenfestival.nl\/wp-content\/uploads\/2026\/04\/Poldertoren-de-Deel-300x225.jpg\" class=\"attachment-medium size-medium wp-post-image\" alt=\"Poldertoren \u00f6ffnet mit Abendvorstellung w\u00e4hrend Beginn Tulpenfestival\" srcset=\"https:\/\/tulpenfestival.nl\/wp-content\/uploads\/2026\/04\/Poldertoren-de-Deel-300x225.jpg 300w, https:\/\/tulpenfestival.nl\/wp-content\/uploads\/2026\/04\/Poldertoren-de-Deel-1024x767.jpg 1024w, https:\/\/tulpenfestival.nl\/wp-content\/uploads\/2026\/04\/Poldertoren-de-Deel-768x575.jpg 768w, https:\/\/tulpenfestival.nl\/wp-content\/uploads\/2026\/04\/Poldertoren-de-Deel-1536x1150.jpg 1536w, https:\/\/tulpenfestival.nl\/wp-content\/uploads\/2026\/04\/Poldertoren-de-Deel-2048x1533.jpg 2048w, https:\/\/tulpenfestival.nl\/wp-content\/uploads\/2026\/04\/Poldertoren-de-Deel-16x12.jpg 16w\" sizes=\"auto, (max-width: 300px) 100vw, 300px\" \/>\t\t\t\t\t<\/a>\n\t\t\t\t<\/div>\n\t\t\t\n\t\t\t<div class=\"hfe-post-content\">\n\t\t\t\t\t\t\t\t\t<h3 class=\"hfe-post-title\">\n\t\t\t\t\t\t<a href=\"https:\/\/tulpenfestival.nl\/de\/2026\/04\/01\/poldertoren-offnet-mit-abendvorstellung-wahrend-des-starts-des-tulpenfestivals\/\" rel=\"bookmark\">\n\t\t\t\t\t\t\tPoldertoren \u00f6ffnet mit Abendvorstellung w\u00e4hrend Beginn Tulpenfestival\t\t\t\t\t\t<\/a>\n\t\t\t\t\t<\/h3>\n\t\t\t\t\n\t\t\t\t\t\t\t\t\t<div class=\"hfe-post-meta\">\n\t\t\t\t\t\t<span class=\"hfe-post-date\">1. April, 2026<\/span><span class=\"hfe-meta-separator\"> | <\/span><span class=\"hfe-post-author\">by Dea Overgaauw<\/span>\t\t\t\t\t<\/div>\n\t\t\t\t\n\t\t\t\t\t\t\t\t\t<div class=\"hfe-post-excerpt\">\n\t\t\t\t\t\tDer Polderturm in Emmeloord wird am Freitag, 17. April, wieder f\u00fcr die \u00d6ffentlichkeit zug\u00e4nglich gemacht. Nach einer Renovierungsphase ist der...\t\t\t\t\t<\/div>\n\t\t\t\t\n\t\t\t\t\t\t\t\t\t<a href=\"https:\/\/tulpenfestival.nl\/de\/2026\/04\/01\/poldertoren-offnet-mit-abendvorstellung-wahrend-des-starts-des-tulpenfestivals\/\" class=\"hfe-read-more\" rel=\"bookmark\">\n\t\t\t\t\t\tMehr lesen \u2192\t\t\t\t\t<\/a>\n\t\t\t\t\t\t\t<\/div>\n\t\t<\/article>\n\t\t\t\t<article class=\"hfe-post-card\">\n\t\t\t\t\t\t\t<div class=\"hfe-post-image\">\n\t\t\t\t\t<a href=\"https:\/\/tulpenfestival.nl\/de\/2026\/04\/01\/zusammenarbeit-starkt-sichtbarkeit-der-nordostpolder-wahrend-tulpenfestival\/\" rel=\"bookmark\">\n\t\t\t\t\t\t<img loading=\"lazy\" decoding=\"async\" width=\"286\" height=\"300\" src=\"https:\/\/tulpenfestival.nl\/wp-content\/uploads\/2026\/04\/Gemaakt_en_Tulpenfestival-scaled-e1775065876667-286x300.jpg\" class=\"attachment-medium size-medium wp-post-image\" alt=\"Zusammenarbeit verst\u00e4rkt Sichtbarkeit der Noordoostpolder w\u00e4hrend des Tulpenfestivals\" srcset=\"https:\/\/tulpenfestival.nl\/wp-content\/uploads\/2026\/04\/Gemaakt_en_Tulpenfestival-scaled-e1775065876667-286x300.jpg 286w, https:\/\/tulpenfestival.nl\/wp-content\/uploads\/2026\/04\/Gemaakt_en_Tulpenfestival-scaled-e1775065876667-976x1024.jpg 976w, https:\/\/tulpenfestival.nl\/wp-content\/uploads\/2026\/04\/Gemaakt_en_Tulpenfestival-scaled-e1775065876667-768x806.jpg 768w, https:\/\/tulpenfestival.nl\/wp-content\/uploads\/2026\/04\/Gemaakt_en_Tulpenfestival-scaled-e1775065876667-1464x1536.jpg 1464w, https:\/\/tulpenfestival.nl\/wp-content\/uploads\/2026\/04\/Gemaakt_en_Tulpenfestival-scaled-e1775065876667-11x12.jpg 11w, https:\/\/tulpenfestival.nl\/wp-content\/uploads\/2026\/04\/Gemaakt_en_Tulpenfestival-scaled-e1775065876667.jpg 1920w\" sizes=\"auto, (max-width: 286px) 100vw, 286px\" \/>\t\t\t\t\t<\/a>\n\t\t\t\t<\/div>\n\t\t\t\n\t\t\t<div class=\"hfe-post-content\">\n\t\t\t\t\t\t\t\t\t<h3 class=\"hfe-post-title\">\n\t\t\t\t\t\t<a href=\"https:\/\/tulpenfestival.nl\/de\/2026\/04\/01\/zusammenarbeit-starkt-sichtbarkeit-der-nordostpolder-wahrend-tulpenfestival\/\" rel=\"bookmark\">\n\t\t\t\t\t\t\tZusammenarbeit verst\u00e4rkt Sichtbarkeit der Noordoostpolder w\u00e4hrend des Tulpenfestivals\t\t\t\t\t\t<\/a>\n\t\t\t\t\t<\/h3>\n\t\t\t\t\n\t\t\t\t\t\t\t\t\t<div class=\"hfe-post-meta\">\n\t\t\t\t\t\t<span class=\"hfe-post-date\">1. April, 2026<\/span><span class=\"hfe-meta-separator\"> | <\/span><span class=\"hfe-post-author\">by Dea Overgaauw<\/span>\t\t\t\t\t<\/div>\n\t\t\t\t\n\t\t\t\t\t\t\t\t\t<div class=\"hfe-post-excerpt\">\n\t\t\t\t\t\tDer Noordoostpolder wird bald wieder bl\u00fchen, und das wird sich dieses Jahr nicht nur auf den Feldern zeigen, sondern...\t\t\t\t\t<\/div>\n\t\t\t\t\n\t\t\t\t\t\t\t\t\t<a href=\"https:\/\/tulpenfestival.nl\/de\/2026\/04\/01\/zusammenarbeit-starkt-sichtbarkeit-der-nordostpolder-wahrend-tulpenfestival\/\" class=\"hfe-read-more\" rel=\"bookmark\">\n\t\t\t\t\t\tMehr lesen \u2192\t\t\t\t\t<\/a>\n\t\t\t\t\t\t\t<\/div>\n\t\t<\/article>\n\t\t\t\t<article class=\"hfe-post-card\">\n\t\t\t\t\t\t\t<div class=\"hfe-post-image\">\n\t\t\t\t\t<a href=\"https:\/\/tulpenfestival.nl\/de\/2026\/03\/26\/neu-gestaltete-kostenlose-app-fur-das-tulpenfestival-benutzerfreundlicher-und-mit-dreisprachiger-audiofuhrung\/\" rel=\"bookmark\">\n\t\t\t\t\t\t<img loading=\"lazy\" decoding=\"async\" width=\"300\" height=\"243\" src=\"https:\/\/tulpenfestival.nl\/wp-content\/uploads\/2026\/03\/Persbericht-Tulpenfestival-Noordoostpolder_\u00a9David-Verolme-e1774519478115-300x243.jpg\" class=\"attachment-medium size-medium wp-post-image\" alt=\"\u00dcberarbeitete kostenlose App f\u00fcr das Tulpenfestival: \u201cBenutzerfreundlicher und mit dreisprachiger Audiotour\u201d.\u201d\" srcset=\"\" sizes=\"auto, (max-width: 300px) 100vw, 300px\" data-srcset=\"\" \/>\t\t\t\t\t<\/a>\n\t\t\t\t<\/div>\n\t\t\t\n\t\t\t<div class=\"hfe-post-content\">\n\t\t\t\t\t\t\t\t\t<h3 class=\"hfe-post-title\">\n\t\t\t\t\t\t<a href=\"https:\/\/tulpenfestival.nl\/de\/2026\/03\/26\/neu-gestaltete-kostenlose-app-fur-das-tulpenfestival-benutzerfreundlicher-und-mit-dreisprachiger-audiofuhrung\/\" rel=\"bookmark\">\n\t\t\t\t\t\t\t\u00dcberarbeitete kostenlose App f\u00fcr das Tulpenfestival: \u201cBenutzerfreundlicher und mit dreisprachiger Audiotour\u201d.\u201d\t\t\t\t\t\t<\/a>\n\t\t\t\t\t<\/h3>\n\t\t\t\t\n\t\t\t\t\t\t\t\t\t<div class=\"hfe-post-meta\">\n\t\t\t\t\t\t<span class=\"hfe-post-date\">26. M\u00e4rz, 2026<\/span><span class=\"hfe-meta-separator\"> | <\/span><span class=\"hfe-post-author\">by Floortje van Staveren-Ruijter<\/span>\t\t\t\t\t<\/div>\n\t\t\t\t\n\t\t\t\t\t\t\t\t\t<div class=\"hfe-post-excerpt\">\n\t\t\t\t\t\tDie neue Organisation des Tulpenfestivals Nordostpolder, die von Profytodsd mitgesponsert wird, k\u00fcndigt die Einf\u00fchrung eines...\t\t\t\t\t<\/div>\n\t\t\t\t\n\t\t\t\t\t\t\t\t\t<a href=\"https:\/\/tulpenfestival.nl\/de\/2026\/03\/26\/neu-gestaltete-kostenlose-app-fur-das-tulpenfestival-benutzerfreundlicher-und-mit-dreisprachiger-audiofuhrung\/\" class=\"hfe-read-more\" rel=\"bookmark\">\n\t\t\t\t\t\tMehr lesen \u2192\t\t\t\t\t<\/a>\n\t\t\t\t\t\t\t<\/div>\n\t\t<\/article>\n\t\t\t\t<article class=\"hfe-post-card\">\n\t\t\t\t\t\t\t<div class=\"hfe-post-image\">\n\t\t\t\t\t<a href=\"https:\/\/tulpenfestival.nl\/de\/2026\/02\/11\/neue-website-und-rebranding-fur-das-tulpenfestival-nordostpolder\/\" rel=\"bookmark\">\n\t\t\t\t\t\t<img loading=\"lazy\" decoding=\"async\" width=\"300\" height=\"230\" src=\"https:\/\/tulpenfestival.nl\/wp-content\/uploads\/2026\/02\/TF-Website-2026-VeroCon-300x230.jpg\" class=\"attachment-medium size-medium wp-post-image\" alt=\"Neue Website und Rebranding f\u00fcr das Tulpenfestival Noordoostpolder\" srcset=\"https:\/\/tulpenfestival.nl\/wp-content\/uploads\/2026\/02\/TF-Website-2026-VeroCon-300x230.jpg 300w, https:\/\/tulpenfestival.nl\/wp-content\/uploads\/2026\/02\/TF-Website-2026-VeroCon-1024x785.jpg 1024w, https:\/\/tulpenfestival.nl\/wp-content\/uploads\/2026\/02\/TF-Website-2026-VeroCon-768x589.jpg 768w, https:\/\/tulpenfestival.nl\/wp-content\/uploads\/2026\/02\/TF-Website-2026-VeroCon-1536x1178.jpg 1536w, https:\/\/tulpenfestival.nl\/wp-content\/uploads\/2026\/02\/TF-Website-2026-VeroCon-2048x1571.jpg 2048w, https:\/\/tulpenfestival.nl\/wp-content\/uploads\/2026\/02\/TF-Website-2026-VeroCon-16x12.jpg 16w\" sizes=\"auto, (max-width: 300px) 100vw, 300px\" \/>\t\t\t\t\t<\/a>\n\t\t\t\t<\/div>\n\t\t\t\n\t\t\t<div class=\"hfe-post-content\">\n\t\t\t\t\t\t\t\t\t<h3 class=\"hfe-post-title\">\n\t\t\t\t\t\t<a href=\"https:\/\/tulpenfestival.nl\/de\/2026\/02\/11\/neue-website-und-rebranding-fur-das-tulpenfestival-nordostpolder\/\" rel=\"bookmark\">\n\t\t\t\t\t\t\tNeue Website und Rebranding f\u00fcr das Tulpenfestival Noordoostpolder\t\t\t\t\t\t<\/a>\n\t\t\t\t\t<\/h3>\n\t\t\t\t\n\t\t\t\t\t\t\t\t\t<div class=\"hfe-post-meta\">\n\t\t\t\t\t\t<span class=\"hfe-post-date\">11. Februar, 2026<\/span><span class=\"hfe-meta-separator\"> | <\/span><span class=\"hfe-post-author\">by David Verolme<\/span>\t\t\t\t\t<\/div>\n\t\t\t\t\n\t\t\t\t\t\t\t\t\t<div class=\"hfe-post-excerpt\">\n\t\t\t\t\t\tWir freuen uns, Ihnen die neu gestaltete Website des Tulpenfestivals Nordostpolder pr\u00e4sentieren zu k\u00f6nnen. Gleichzeitig f\u00fchren wir ein neues Aussehen ein, einschlie\u00dflich einer \u00fcberarbeiteten...\t\t\t\t\t<\/div>\n\t\t\t\t\n\t\t\t\t\t\t\t\t\t<a href=\"https:\/\/tulpenfestival.nl\/de\/2026\/02\/11\/neue-website-und-rebranding-fur-das-tulpenfestival-nordostpolder\/\" class=\"hfe-read-more\" rel=\"bookmark\">\n\t\t\t\t\t\tMehr lesen \u2192\t\t\t\t\t<\/a>\n\t\t\t\t\t\t\t<\/div>\n\t\t<\/article>\n\t\t\t\t<article class=\"hfe-post-card\">\n\t\t\t\t\t\t\t<div class=\"hfe-post-image\">\n\t\t\t\t\t<a href=\"https:\/\/tulpenfestival.nl\/de\/2025\/12\/16\/schuler-bepflanzen-neues-selfie-feld-fur-das-tulpenfest-2026\/\" rel=\"bookmark\">\n\t\t\t\t\t\t<img loading=\"lazy\" decoding=\"async\" width=\"300\" height=\"225\" src=\"https:\/\/tulpenfestival.nl\/wp-content\/uploads\/2026\/01\/Bollen_de_grond_in_Tulpenfestival_2026-\u00a9David_Verolme-300x225.jpg\" class=\"attachment-medium size-medium wp-post-image\" alt=\"Schulkinder bepflanzen neues Selfie-Feld f\u00fcr das Tulpenfestival 2026\" srcset=\"\" sizes=\"auto, (max-width: 300px) 100vw, 300px\" data-srcset=\"\" \/>\t\t\t\t\t<\/a>\n\t\t\t\t<\/div>\n\t\t\t\n\t\t\t<div class=\"hfe-post-content\">\n\t\t\t\t\t\t\t\t\t<h3 class=\"hfe-post-title\">\n\t\t\t\t\t\t<a href=\"https:\/\/tulpenfestival.nl\/de\/2025\/12\/16\/schuler-bepflanzen-neues-selfie-feld-fur-das-tulpenfest-2026\/\" rel=\"bookmark\">\n\t\t\t\t\t\t\tSchulkinder bepflanzen neues Selfie-Feld f\u00fcr das Tulpenfestival 2026\t\t\t\t\t\t<\/a>\n\t\t\t\t\t<\/h3>\n\t\t\t\t\n\t\t\t\t\t\t\t\t\t<div class=\"hfe-post-meta\">\n\t\t\t\t\t\t<span class=\"hfe-post-date\">16 Dezember, 2025<\/span><span class=\"hfe-meta-separator\"> | <\/span><span class=\"hfe-post-author\">by David Verolme<\/span>\t\t\t\t\t<\/div>\n\t\t\t\t\n\t\t\t\t\t\t\t\t\t<div class=\"hfe-post-excerpt\">\n\t\t\t\t\t\tCREIL Die ersten Tulpen f\u00fcr das Tulpenfestival Noordoostpolder 2026 sind in der Erde. Trotz des vielen Regens in den vergangenen...\t\t\t\t\t<\/div>\n\t\t\t\t\n\t\t\t\t\t\t\t\t\t<a href=\"https:\/\/tulpenfestival.nl\/de\/2025\/12\/16\/schuler-bepflanzen-neues-selfie-feld-fur-das-tulpenfest-2026\/\" class=\"hfe-read-more\" rel=\"bookmark\">\n\t\t\t\t\t\tMehr lesen \u2192\t\t\t\t\t<\/a>\n\t\t\t\t\t\t\t<\/div>\n\t\t<\/article>\n\t\t<\/div>\n\t\t\t\t<\/div>\n\t\t\t\t<\/div>\n\t\t\t\t\t<\/div>\n\t\t\t\t<\/div>\n\t\t\t\t<\/div>","protected":false},"excerpt":{"rendered":"<p>Nieuws Altijd op de hoogte van het laatste Tulpenfestival nieuws Scholieren planten nieuwe selfieveld voor Tulpenfestival 2026 16 december, 2025 | door David Verolme CREIL &#8211;\u00a0De eerste tulpen voor het [&hellip;]<\/p>","protected":false},"author":1,"featured_media":0,"parent":0,"menu_order":0,"comment_status":"closed","ping_status":"closed","template":"","meta":{"footnotes":""},"class_list":["post-94","page","type-page","status-publish","hentry"],"_links":{"self":[{"href":"https:\/\/tulpenfestival.nl\/de\/wp-json\/wp\/v2\/pages\/94","targetHints":{"allow":["GET"]}}],"collection":[{"href":"https:\/\/tulpenfestival.nl\/de\/wp-json\/wp\/v2\/pages"}],"about":[{"href":"https:\/\/tulpenfestival.nl\/de\/wp-json\/wp\/v2\/types\/page"}],"author":[{"embeddable":true,"href":"https:\/\/tulpenfestival.nl\/de\/wp-json\/wp\/v2\/users\/1"}],"replies":[{"embeddable":true,"href":"https:\/\/tulpenfestival.nl\/de\/wp-json\/wp\/v2\/comments?post=94"}],"version-history":[{"count":22,"href":"https:\/\/tulpenfestival.nl\/de\/wp-json\/wp\/v2\/pages\/94\/revisions"}],"predecessor-version":[{"id":787,"href":"https:\/\/tulpenfestival.nl\/de\/wp-json\/wp\/v2\/pages\/94\/revisions\/787"}],"wp:attachment":[{"href":"https:\/\/tulpenfestival.nl\/de\/wp-json\/wp\/v2\/media?parent=94"}],"curies":[{"name":"wp","href":"https:\/\/api.w.org\/{rel}","templated":true}]}}