{"id":2784,"date":"2026-04-16T21:11:48","date_gmt":"2026-04-16T21:11:48","guid":{"rendered":"https:\/\/tulpenfestival.nl\/?page_id=2784"},"modified":"2026-04-16T21:29:15","modified_gmt":"2026-04-16T21:29:15","slug":"goldtulpe","status":"publish","type":"page","link":"https:\/\/tulpenfestival.nl\/de\/goldtulpe\/","title":{"rendered":"Gouden tulp actie"},"content":{"rendered":"<div data-elementor-type=\"wp-page\" data-elementor-id=\"2784\" class=\"elementor elementor-2784\" data-elementor-post-type=\"page\">\n\t\t\t\t<div class=\"elementor-element elementor-element-971feb6 e-flex e-con-boxed e-con e-parent\" data-id=\"971feb6\" data-element_type=\"container\" data-settings=\"{&quot;background_background&quot;:&quot;gradient&quot;,&quot;shape_divider_bottom&quot;:&quot;mountains&quot;}\">\n\t\t\t\t\t<div class=\"e-con-inner\">\n\t\t\t\t<div class=\"elementor-shape elementor-shape-bottom\" aria-hidden=\"true\" data-negative=\"false\">\n\t\t\t<svg xmlns=\"http:\/\/www.w3.org\/2000\/svg\" viewbox=\"0 0 1000 100\" preserveaspectratio=\"none\">\n\t<path class=\"elementor-shape-fill\" opacity=\"0.33\" d=\"M473,67.3c-203.9,88.3-263.1-34-320.3,0C66,119.1,0,59.7,0,59.7V0h1000v59.7 c0,0-62.1,26.1-94.9,29.3c-32.8,3.3-62.8-12.3-75.8-22.1C806,49.6,745.3,8.7,694.9,4.7S492.4,59,473,67.3z\"\/>\n\t<path class=\"elementor-shape-fill\" opacity=\"0.66\" d=\"M734,67.3c-45.5,0-77.2-23.2-129.1-39.1c-28.6-8.7-150.3-10.1-254,39.1 s-91.7-34.4-149.2,0C115.7,118.3,0,39.8,0,39.8V0h1000v36.5c0,0-28.2-18.5-92.1-18.5C810.2,18.1,775.7,67.3,734,67.3z\"\/>\n\t<path class=\"elementor-shape-fill\" d=\"M766.1,28.9c-200-57.5-266,65.5-395.1,19.5C242,1.8,242,5.4,184.8,20.6C128,35.8,132.3,44.9,89.9,52.5C28.6,63.7,0,0,0,0 h1000c0,0-9.9,40.9-83.6,48.1S829.6,47,766.1,28.9z\"\/>\n<\/svg>\t\t<\/div>\n\t\t<div class=\"elementor-element elementor-element-4e40ede e-con-full e-flex e-con e-child\" data-id=\"4e40ede\" data-element_type=\"container\">\n\t\t\t\t<div class=\"elementor-element elementor-element-58b4434 elementor-widget elementor-widget-heading\" data-id=\"58b4434\" data-element_type=\"widget\" data-widget_type=\"heading.default\">\n\t\t\t\t\t<h2 class=\"elementor-heading-title elementor-size-default\">Goldene Tulpe<\/h2>\t\t\t\t<\/div>\n\t\t\t\t<div class=\"elementor-element elementor-element-aaa1093 elementor-widget elementor-widget-text-editor\" data-id=\"aaa1093\" data-element_type=\"widget\" data-widget_type=\"text-editor.default\">\n\t\t\t\t\t\t\t\t\t<p><span style=\"background-color: transparent;\">Herzlichen Gl\u00fcckwunsch, du hast die Goldene Tulpe gefunden!\u00a0<\/span><\/p><p data-start=\"454\" data-end=\"715\"><span style=\"background-color: transparent;\">Was hast du gewonnen? Du gewinnst ein Pfl\u00fcckbudget im Tulpenpfl\u00fcckgarten Marknesse!\u00a0<\/span><\/p><p data-start=\"454\" data-end=\"715\"><span style=\"background-color: transparent;\">Das bedeutet:<br \/><\/span><\/p><ul><li data-start=\"454\" data-end=\"715\">Eimer voll Tulpen pfl\u00fccken<\/li><li data-start=\"454\" data-end=\"715\">W\u00e4hlen Sie Ihre Lieblingstulpen selbst<\/li><li data-start=\"454\" data-end=\"715\">Eine sch\u00f6ne Erinnerung an das Tulpenfestival<\/li><\/ul><p data-start=\"454\" data-end=\"715\">\u00a0<\/p>\t\t\t\t\t\t\t\t<\/div>\n\t\t\t\t<\/div>\n\t\t<div class=\"elementor-element elementor-element-d8d78d0 e-con-full e-flex e-con e-child\" data-id=\"d8d78d0\" data-element_type=\"container\">\n\t\t\t\t<div class=\"elementor-element elementor-element-85c7561 elementor-widget elementor-widget-image\" data-id=\"85c7561\" data-element_type=\"widget\" data-widget_type=\"image.default\">\n\t\t\t\t\t\t\t\t\t\t\t\t\t\t\t<img fetchpriority=\"high\" decoding=\"async\" width=\"178\" height=\"598\" src=\"https:\/\/tulpenfestival.nl\/wp-content\/uploads\/2026\/04\/Gouden-Tulp.png\" class=\"attachment-large size-large wp-image-2789\" alt=\"\" srcset=\"https:\/\/tulpenfestival.nl\/wp-content\/uploads\/2026\/04\/Gouden-Tulp.png 178w, https:\/\/tulpenfestival.nl\/wp-content\/uploads\/2026\/04\/Gouden-Tulp-89x300.png 89w, https:\/\/tulpenfestival.nl\/wp-content\/uploads\/2026\/04\/Gouden-Tulp-4x12.png 4w\" sizes=\"(max-width: 178px) 100vw, 178px\" \/>\t\t\t\t\t\t\t\t\t\t\t\t\t\t\t<\/div>\n\t\t\t\t<\/div>\n\t\t\t\t\t<\/div>\n\t\t\t\t<\/div>\n\t\t<div class=\"elementor-element elementor-element-fd8b1f7 e-flex e-con-boxed e-con e-parent\" data-id=\"fd8b1f7\" data-element_type=\"container\">\n\t\t\t\t\t<div class=\"e-con-inner\">\n\t\t<div class=\"elementor-element elementor-element-86067be e-con-full e-flex e-con e-child\" data-id=\"86067be\" data-element_type=\"container\">\n\t\t\t\t<div class=\"elementor-element elementor-element-2854118 elementor-widget elementor-widget-heading\" data-id=\"2854118\" data-element_type=\"widget\" data-widget_type=\"heading.default\">\n\t\t\t\t\t<h2 class=\"elementor-heading-title elementor-size-default\">Was musst du tun?<\/h2>\t\t\t\t<\/div>\n\t\t\t\t<div class=\"elementor-element elementor-element-cbbf574 elementor-widget__width-initial elementor-widget elementor-widget-text-editor\" data-id=\"cbbf574\" data-element_type=\"widget\" data-widget_type=\"text-editor.default\">\n\t\t\t\t\t\t\t\t\t<p>Liefern Sie Ihre Goldene Tulpe bei der <a href=\"https:\/\/tulpenfestival.nl\/de\/veranstaltung\/tulpenpflucker-gartenmarke\/\">Tulpensammelgarten Marknesse<\/a>.\u00a0<\/p><p>Dort erhalten Sie Ihren Eimer v\u00f6llig kostenlos und k\u00f6nnen Ihre Tulpen pfl\u00fccken!\u00a0<\/p><p>Wichtig:<\/p><ul><li>Der Goldene Tulpe ist dein Beweis f\u00fcr den Preis<\/li><li>Ohne Goldene Tulpe kann kein Preis verliehen werden<\/li><li>Der Preis ist nicht in Geld einl\u00f6sbar<\/li><\/ul><p><br \/>Genie\u00dfe das Tulpenfestival Nordostpolder, und von deinem Fund!\u00a0<\/p>\t\t\t\t\t\t\t\t<\/div>\n\t\t\t\t<\/div>\n\t\t<div class=\"elementor-element elementor-element-845c947 e-con-full e-flex e-con e-child\" data-id=\"845c947\" data-element_type=\"container\">\n\t\t\t\t<div class=\"elementor-element elementor-element-20e3114 elementor-widget elementor-widget-image\" data-id=\"20e3114\" data-element_type=\"widget\" data-widget_type=\"image.default\">\n\t\t\t\t\t\t\t\t\t\t\t\t\t\t\t<img decoding=\"async\" width=\"800\" height=\"533\" src=\"https:\/\/tulpenfestival.nl\/wp-content\/uploads\/2026\/02\/In-beeld-bij-Nathalie-_kinderfotografie-38-1-1024x682.jpg\" class=\"attachment-large size-large wp-image-1880\" alt=\"\" srcset=\"https:\/\/tulpenfestival.nl\/wp-content\/uploads\/2026\/02\/In-beeld-bij-Nathalie-_kinderfotografie-38-1-1024x682.jpg 1024w, https:\/\/tulpenfestival.nl\/wp-content\/uploads\/2026\/02\/In-beeld-bij-Nathalie-_kinderfotografie-38-1-300x200.jpg 300w, https:\/\/tulpenfestival.nl\/wp-content\/uploads\/2026\/02\/In-beeld-bij-Nathalie-_kinderfotografie-38-1-768x511.jpg 768w, https:\/\/tulpenfestival.nl\/wp-content\/uploads\/2026\/02\/In-beeld-bij-Nathalie-_kinderfotografie-38-1-1536x1022.jpg 1536w, https:\/\/tulpenfestival.nl\/wp-content\/uploads\/2026\/02\/In-beeld-bij-Nathalie-_kinderfotografie-38-1-18x12.jpg 18w, https:\/\/tulpenfestival.nl\/wp-content\/uploads\/2026\/02\/In-beeld-bij-Nathalie-_kinderfotografie-38-1.jpg 2048w\" sizes=\"(max-width: 800px) 100vw, 800px\" \/>\t\t\t\t\t\t\t\t\t\t\t\t\t\t\t<\/div>\n\t\t\t\t<\/div>\n\t\t\t\t\t<\/div>\n\t\t\t\t<\/div>\n\t\t\t\t<\/div>","protected":false},"excerpt":{"rendered":"<p>Gouden tulp Gefeliciteerd, je hebt de Gouden Tulp gevonden!\u00a0 Wat heb je gewonnen? Je wint een plukbudget bij de Tulpenpluktuin Marknesse!\u00a0 Dat betekent: Een emmer vol tulpen plukken Zelf jouw [&hellip;]<\/p>","protected":false},"author":1,"featured_media":0,"parent":0,"menu_order":0,"comment_status":"closed","ping_status":"closed","template":"","meta":{"footnotes":""},"class_list":["post-2784","page","type-page","status-publish","hentry"],"_links":{"self":[{"href":"https:\/\/tulpenfestival.nl\/de\/wp-json\/wp\/v2\/pages\/2784","targetHints":{"allow":["GET"]}}],"collection":[{"href":"https:\/\/tulpenfestival.nl\/de\/wp-json\/wp\/v2\/pages"}],"about":[{"href":"https:\/\/tulpenfestival.nl\/de\/wp-json\/wp\/v2\/types\/page"}],"author":[{"embeddable":true,"href":"https:\/\/tulpenfestival.nl\/de\/wp-json\/wp\/v2\/users\/1"}],"replies":[{"embeddable":true,"href":"https:\/\/tulpenfestival.nl\/de\/wp-json\/wp\/v2\/comments?post=2784"}],"version-history":[{"count":13,"href":"https:\/\/tulpenfestival.nl\/de\/wp-json\/wp\/v2\/pages\/2784\/revisions"}],"predecessor-version":[{"id":2798,"href":"https:\/\/tulpenfestival.nl\/de\/wp-json\/wp\/v2\/pages\/2784\/revisions\/2798"}],"wp:attachment":[{"href":"https:\/\/tulpenfestival.nl\/de\/wp-json\/wp\/v2\/media?parent=2784"}],"curies":[{"name":"wp","href":"https:\/\/api.w.org\/{rel}","templated":true}]}}