{"id":1919,"date":"2026-02-25T10:15:28","date_gmt":"2026-02-25T10:15:28","guid":{"rendered":"https:\/\/tulpenfestival.nl\/?page_id=1919"},"modified":"2026-02-25T10:37:32","modified_gmt":"2026-02-25T10:37:32","slug":"freund-des-tulpenfestes-werden","status":"publish","type":"page","link":"https:\/\/tulpenfestival.nl\/de\/freund-des-tulpenfestes-werden\/","title":{"rendered":"Werden Sie ein Freund des Tulpenfestes"},"content":{"rendered":"<div data-elementor-type=\"wp-page\" data-elementor-id=\"1919\" class=\"elementor elementor-1919\" data-elementor-post-type=\"page\">\n\t\t\t\t<div class=\"elementor-element elementor-element-115df8e e-flex e-con-boxed e-con e-parent\" data-id=\"115df8e\" data-element_type=\"container\" data-settings=\"{&quot;background_background&quot;:&quot;classic&quot;,&quot;shape_divider_bottom&quot;:&quot;mountains&quot;}\">\n\t\t\t\t\t<div class=\"e-con-inner\">\n\t\t\t\t<div class=\"elementor-shape elementor-shape-bottom\" aria-hidden=\"true\" data-negative=\"false\">\n\t\t\t<svg xmlns=\"http:\/\/www.w3.org\/2000\/svg\" viewbox=\"0 0 1000 100\" preserveaspectratio=\"none\">\n\t<path class=\"elementor-shape-fill\" opacity=\"0.33\" d=\"M473,67.3c-203.9,88.3-263.1-34-320.3,0C66,119.1,0,59.7,0,59.7V0h1000v59.7 c0,0-62.1,26.1-94.9,29.3c-32.8,3.3-62.8-12.3-75.8-22.1C806,49.6,745.3,8.7,694.9,4.7S492.4,59,473,67.3z\"\/>\n\t<path class=\"elementor-shape-fill\" opacity=\"0.66\" d=\"M734,67.3c-45.5,0-77.2-23.2-129.1-39.1c-28.6-8.7-150.3-10.1-254,39.1 s-91.7-34.4-149.2,0C115.7,118.3,0,39.8,0,39.8V0h1000v36.5c0,0-28.2-18.5-92.1-18.5C810.2,18.1,775.7,67.3,734,67.3z\"\/>\n\t<path class=\"elementor-shape-fill\" d=\"M766.1,28.9c-200-57.5-266,65.5-395.1,19.5C242,1.8,242,5.4,184.8,20.6C128,35.8,132.3,44.9,89.9,52.5C28.6,63.7,0,0,0,0 h1000c0,0-9.9,40.9-83.6,48.1S829.6,47,766.1,28.9z\"\/>\n<\/svg>\t\t<\/div>\n\t\t\t\t<div class=\"elementor-element elementor-element-a7480e8 elementor-widget elementor-widget-heading\" data-id=\"a7480e8\" data-element_type=\"widget\" data-widget_type=\"heading.default\">\n\t\t\t\t\t<h2 class=\"elementor-heading-title elementor-size-default\">Werden Sie ein Freund des Tulpenfestes<\/h2>\t\t\t\t<\/div>\n\t\t\t\t<div class=\"elementor-element elementor-element-a5c2e61 elementor-widget elementor-widget-text-editor\" data-id=\"a5c2e61\" data-element_type=\"widget\" data-widget_type=\"text-editor.default\">\n\t\t\t\t\t\t\t\t\t<p>Gemeinsam lassen wir den Polder aufbl\u00fchen<\/p>\t\t\t\t\t\t\t\t<\/div>\n\t\t\t\t\t<\/div>\n\t\t\t\t<\/div>\n\t\t<div class=\"elementor-element elementor-element-dd37b9a e-flex e-con-boxed e-con e-parent\" data-id=\"dd37b9a\" data-element_type=\"container\">\n\t\t\t\t\t<div class=\"e-con-inner\">\n\t\t\t\t<div class=\"elementor-element elementor-element-54abb71 elementor-widget elementor-widget-text-editor\" data-id=\"54abb71\" data-element_type=\"widget\" data-widget_type=\"text-editor.default\">\n\t\t\t\t\t\t\t\t\t<p data-start=\"180\" data-end=\"453\">Mit einem Beitrag von 250 \u20ac ohne MwSt. (302,50 \u20ac mit MwSt.) werden Sie ein Freund des Tulpenfestivals Noordoostpolder. Sie unterst\u00fctzen das Festival und die umliegende Gemeinde. Als Dankesch\u00f6n erw\u00e4hnen wir Ihren (Firmen-)Namen auf dem <a href=\"\/de\/sponsoren\/\" style=\"background-color: rgb(255, 255, 255);\">Sponsorenseite<\/a>, in der Festivalbrosch\u00fcre und laden Sie zum Abschlussgrill ein.<\/p>\n<p data-start=\"455\" data-end=\"505\">Gemeinsam werden wir eine weitere wunderbare Ausgabe auf die Beine stellen!<\/p>\t\t\t\t\t\t\t\t<\/div>\n\t\t\t\t\t<\/div>\n\t\t\t\t<\/div>\n\t\t<div class=\"elementor-element elementor-element-8da58a7 e-flex e-con-boxed e-con e-parent\" data-id=\"8da58a7\" data-element_type=\"container\">\n\t\t\t\t\t<div class=\"e-con-inner\">\n\t\t<div class=\"elementor-element elementor-element-43a274d e-con-full e-flex e-con e-child\" data-id=\"43a274d\" data-element_type=\"container\">\n\t\t\t\t<div class=\"elementor-element elementor-element-b4c143f elementor-widget elementor-widget-heading\" data-id=\"b4c143f\" data-element_type=\"widget\" data-widget_type=\"heading.default\">\n\t\t\t\t\t<h2 class=\"elementor-heading-title elementor-size-default\">Anmeldung f\u00fcr Friend of Tulip Festival<\/h2>\t\t\t\t<\/div>\n\t\t\t\t<div class=\"elementor-element elementor-element-a2cec1b elementor-button-align-stretch elementor-widget elementor-widget-form\" data-id=\"a2cec1b\" data-element_type=\"widget\" data-settings=\"{&quot;step_next_label&quot;:&quot;Volgende&quot;,&quot;step_previous_label&quot;:&quot;Vorige&quot;,&quot;button_width&quot;:&quot;100&quot;,&quot;step_type&quot;:&quot;number_text&quot;,&quot;step_icon_shape&quot;:&quot;circle&quot;}\" data-widget_type=\"form.default\">\n\t\t\t\t\t\t\t<form class=\"elementor-form\" method=\"post\" name=\"Contact\" aria-label=\"Kontakt\" action=\"\">\n\t\t\t<input type=\"hidden\" name=\"post_id\" value=\"1919\"\/>\n\t\t\t<input type=\"hidden\" name=\"form_id\" value=\"a2cec1b\"\/>\n\t\t\t<input type=\"hidden\" name=\"referer_title\" value=\"Word Vriend van Tulpenfestival\" \/>\n\n\t\t\t\t\t\t\t<input type=\"hidden\" name=\"queried_id\" value=\"1919\"\/>\n\t\t\t\n\t\t\t<div class=\"elementor-form-fields-wrapper elementor-labels-\">\n\t\t\t\t\t\t\t\t<div class=\"elementor-field-type-text elementor-field-group elementor-column elementor-field-group-name elementor-col-100\">\n\t\t\t\t\t\t\t\t\t\t\t\t<label for=\"form-field-name\" class=\"elementor-field-label elementor-screen-only\">\n\t\t\t\t\t\t\t\t(Firmen-)Name\t\t\t\t\t\t\t<\/label>\n\t\t\t\t\t\t\t\t\t\t\t\t\t\t<input size=\"1\" type=\"text\" name=\"form_fields[name]\" id=\"form-field-name\" class=\"elementor-field elementor-size-sm  elementor-field-textual\" placeholder=\"(Firmen-)Name\">\n\t\t\t\t\t\t\t\t\t\t\t<\/div>\n\t\t\t\t\t\t\t\t<div class=\"elementor-field-type-email elementor-field-group elementor-column elementor-field-group-email elementor-col-100 elementor-field-required\">\n\t\t\t\t\t\t\t\t\t\t\t\t<label for=\"form-field-email\" class=\"elementor-field-label elementor-screen-only\">\n\t\t\t\t\t\t\t\tE-Mail\t\t\t\t\t\t\t<\/label>\n\t\t\t\t\t\t\t\t\t\t\t\t\t\t<input size=\"1\" type=\"email\" name=\"form_fields[email]\" id=\"form-field-email\" class=\"elementor-field elementor-size-sm  elementor-field-textual\" placeholder=\"E-Mail\" required=\"required\">\n\t\t\t\t\t\t\t\t\t\t\t<\/div>\n\t\t\t\t\t\t\t\t<div class=\"elementor-field-type-number elementor-field-group elementor-column elementor-field-group-field_c5b38b9 elementor-col-100\">\n\t\t\t\t\t\t\t\t\t\t\t\t<label for=\"form-field-field_c5b38b9\" class=\"elementor-field-label elementor-screen-only\">\n\t\t\t\t\t\t\t\tRufnummer\t\t\t\t\t\t\t<\/label>\n\t\t\t\t\t\t\t\t\t<input type=\"number\" name=\"form_fields[field_c5b38b9]\" id=\"form-field-field_c5b38b9\" class=\"elementor-field elementor-size-sm  elementor-field-textual\" placeholder=\"Rufnummer\" min=\"\" max=\"\" >\n\t\t\t\t\t\t<\/div>\n\t\t\t\t\t\t\t\t<div class=\"elementor-field-type-recaptcha_v3 elementor-field-group elementor-column elementor-field-group-field_5c9c8ec elementor-col-100 recaptcha_v3-bottomright\">\n\t\t\t\t\t<div class=\"elementor-field\" id=\"form-field-field_5c9c8ec\"><div class=\"elementor-g-recaptcha\" data-sitekey=\"6Lf2ymQsAAAAALjFhOem8VS_rFpQ8W7ZbJY6kUNF\" data-type=\"v3\" data-action=\"Form\" data-badge=\"bottomright\" data-size=\"invisible\"><\/div><\/div>\t\t\t\t<\/div>\n\t\t\t\t\t\t\t\t<div class=\"elementor-field-group elementor-column elementor-field-type-submit elementor-col-100 e-form__buttons\">\n\t\t\t\t\t<button class=\"elementor-button elementor-size-sm\" type=\"submit\">\n\t\t\t\t\t\t<span class=\"elementor-button-content-wrapper\">\n\t\t\t\t\t\t\t\t\t\t\t\t\t\t\t\t\t\t\t\t\t\t<span class=\"elementor-button-text\">Zur Zahlung gehen<\/span>\n\t\t\t\t\t\t\t\t\t\t\t\t\t<\/span>\n\t\t\t\t\t<\/button>\n\t\t\t\t<\/div>\n\t\t\t<\/div>\n\t\t<input type=\"hidden\" name=\"trp-form-language\" value=\"de\"\/><\/form>\n\t\t\t\t\t\t<\/div>\n\t\t\t\t<\/div>\n\t\t\t\t\t<\/div>\n\t\t\t\t<\/div>\n\t\t<div class=\"elementor-element elementor-element-e9354c9 e-flex e-con-boxed e-con e-parent\" data-id=\"e9354c9\" data-element_type=\"container\">\n\t\t\t\t\t<div class=\"e-con-inner\">\n\t\t<div class=\"elementor-element elementor-element-5555ee5 e-con-full e-flex e-con e-child\" data-id=\"5555ee5\" data-element_type=\"container\">\n\t\t\t\t<div class=\"elementor-element elementor-element-487b821 elementor-widget elementor-widget-image\" data-id=\"487b821\" data-element_type=\"widget\" data-widget_type=\"image.default\">\n\t\t\t\t\t\t\t\t\t\t\t\t\t\t\t<img fetchpriority=\"high\" decoding=\"async\" width=\"768\" height=\"512\" src=\"https:\/\/tulpenfestival.nl\/wp-content\/uploads\/2026\/01\/2024_Tulpenfestival_Web-Sjors_Evers-16-768x512.jpg\" class=\"attachment-medium_large size-medium_large wp-image-1663\" alt=\"\" srcset=\"https:\/\/tulpenfestival.nl\/wp-content\/uploads\/2026\/01\/2024_Tulpenfestival_Web-Sjors_Evers-16-768x512.jpg 768w, https:\/\/tulpenfestival.nl\/wp-content\/uploads\/2026\/01\/2024_Tulpenfestival_Web-Sjors_Evers-16-300x200.jpg 300w, https:\/\/tulpenfestival.nl\/wp-content\/uploads\/2026\/01\/2024_Tulpenfestival_Web-Sjors_Evers-16-1024x682.jpg 1024w, https:\/\/tulpenfestival.nl\/wp-content\/uploads\/2026\/01\/2024_Tulpenfestival_Web-Sjors_Evers-16-1536x1024.jpg 1536w, https:\/\/tulpenfestival.nl\/wp-content\/uploads\/2026\/01\/2024_Tulpenfestival_Web-Sjors_Evers-16-18x12.jpg 18w, https:\/\/tulpenfestival.nl\/wp-content\/uploads\/2026\/01\/2024_Tulpenfestival_Web-Sjors_Evers-16.jpg 2000w\" sizes=\"(max-width: 768px) 100vw, 768px\" \/>\t\t\t\t\t\t\t\t\t\t\t\t\t\t\t<\/div>\n\t\t\t\t<\/div>\n\t\t<div class=\"elementor-element elementor-element-f357210 e-con-full e-flex e-con e-child\" data-id=\"f357210\" data-element_type=\"container\">\n\t\t\t\t<div class=\"elementor-element elementor-element-fdf799d elementor-widget elementor-widget-image\" data-id=\"fdf799d\" data-element_type=\"widget\" data-widget_type=\"image.default\">\n\t\t\t\t\t\t\t\t\t\t\t\t\t\t\t<img decoding=\"async\" width=\"768\" height=\"513\" src=\"https:\/\/tulpenfestival.nl\/wp-content\/uploads\/2026\/01\/2023_Tulpenfestival_StEP_Web-Sjors_Evers-149-768x513.jpg\" class=\"attachment-medium_large size-medium_large wp-image-1641\" alt=\"\" srcset=\"https:\/\/tulpenfestival.nl\/wp-content\/uploads\/2026\/01\/2023_Tulpenfestival_StEP_Web-Sjors_Evers-149-768x513.jpg 768w, https:\/\/tulpenfestival.nl\/wp-content\/uploads\/2026\/01\/2023_Tulpenfestival_StEP_Web-Sjors_Evers-149-300x200.jpg 300w, https:\/\/tulpenfestival.nl\/wp-content\/uploads\/2026\/01\/2023_Tulpenfestival_StEP_Web-Sjors_Evers-149-1024x684.jpg 1024w, https:\/\/tulpenfestival.nl\/wp-content\/uploads\/2026\/01\/2023_Tulpenfestival_StEP_Web-Sjors_Evers-149-1536x1025.jpg 1536w, https:\/\/tulpenfestival.nl\/wp-content\/uploads\/2026\/01\/2023_Tulpenfestival_StEP_Web-Sjors_Evers-149-18x12.jpg 18w, https:\/\/tulpenfestival.nl\/wp-content\/uploads\/2026\/01\/2023_Tulpenfestival_StEP_Web-Sjors_Evers-149.jpg 2000w\" sizes=\"(max-width: 768px) 100vw, 768px\" \/>\t\t\t\t\t\t\t\t\t\t\t\t\t\t\t<\/div>\n\t\t\t\t<\/div>\n\t\t<div class=\"elementor-element elementor-element-7e94404 e-con-full e-flex e-con e-child\" data-id=\"7e94404\" data-element_type=\"container\">\n\t\t\t\t<div class=\"elementor-element elementor-element-3e87024 elementor-widget elementor-widget-image\" data-id=\"3e87024\" data-element_type=\"widget\" data-widget_type=\"image.default\">\n\t\t\t\t\t\t\t\t\t\t\t\t\t\t\t<img decoding=\"async\" width=\"768\" height=\"512\" src=\"https:\/\/tulpenfestival.nl\/wp-content\/uploads\/2025\/11\/Tulpenfestival_website_\u00a9David-Verolme-1-768x512.jpg\" class=\"attachment-medium_large size-medium_large wp-image-17\" alt=\"\" srcset=\"https:\/\/tulpenfestival.nl\/wp-content\/uploads\/2025\/11\/Tulpenfestival_website_\u00a9David-Verolme-1-768x512.jpg 768w, https:\/\/tulpenfestival.nl\/wp-content\/uploads\/2025\/11\/Tulpenfestival_website_\u00a9David-Verolme-1-300x200.jpg 300w, https:\/\/tulpenfestival.nl\/wp-content\/uploads\/2025\/11\/Tulpenfestival_website_\u00a9David-Verolme-1-1024x682.jpg 1024w, https:\/\/tulpenfestival.nl\/wp-content\/uploads\/2025\/11\/Tulpenfestival_website_\u00a9David-Verolme-1-1536x1024.jpg 1536w, https:\/\/tulpenfestival.nl\/wp-content\/uploads\/2025\/11\/Tulpenfestival_website_\u00a9David-Verolme-1.jpg 2000w\" sizes=\"(max-width: 768px) 100vw, 768px\" \/>\t\t\t\t\t\t\t\t\t\t\t\t\t\t\t<\/div>\n\t\t\t\t<\/div>\n\t\t<div class=\"elementor-element elementor-element-8178861 e-con-full e-flex e-con e-child\" data-id=\"8178861\" data-element_type=\"container\">\n\t\t\t\t<div class=\"elementor-element elementor-element-adcb09c elementor-widget elementor-widget-image\" data-id=\"adcb09c\" data-element_type=\"widget\" data-widget_type=\"image.default\">\n\t\t\t\t\t\t\t\t\t\t\t\t\t\t\t<img loading=\"lazy\" decoding=\"async\" width=\"768\" height=\"511\" src=\"https:\/\/tulpenfestival.nl\/wp-content\/uploads\/2025\/11\/Tulpenfestival_website_\u00a9David-Verolme-4-768x511.jpg\" class=\"attachment-medium_large size-medium_large wp-image-14\" alt=\"\" srcset=\"https:\/\/tulpenfestival.nl\/wp-content\/uploads\/2025\/11\/Tulpenfestival_website_\u00a9David-Verolme-4-768x511.jpg 768w, https:\/\/tulpenfestival.nl\/wp-content\/uploads\/2025\/11\/Tulpenfestival_website_\u00a9David-Verolme-4-300x200.jpg 300w, https:\/\/tulpenfestival.nl\/wp-content\/uploads\/2025\/11\/Tulpenfestival_website_\u00a9David-Verolme-4-1024x682.jpg 1024w, https:\/\/tulpenfestival.nl\/wp-content\/uploads\/2025\/11\/Tulpenfestival_website_\u00a9David-Verolme-4-1536x1023.jpg 1536w, https:\/\/tulpenfestival.nl\/wp-content\/uploads\/2025\/11\/Tulpenfestival_website_\u00a9David-Verolme-4.jpg 2000w\" sizes=\"(max-width: 768px) 100vw, 768px\" \/>\t\t\t\t\t\t\t\t\t\t\t\t\t\t\t<\/div>\n\t\t\t\t<\/div>\n\t\t<div class=\"elementor-element elementor-element-3a82478 e-con-full e-flex e-con e-child\" data-id=\"3a82478\" data-element_type=\"container\">\n\t\t\t\t<div class=\"elementor-element elementor-element-010f807 elementor-widget elementor-widget-image\" data-id=\"010f807\" data-element_type=\"widget\" data-widget_type=\"image.default\">\n\t\t\t\t\t\t\t\t\t\t\t\t\t\t\t<img loading=\"lazy\" decoding=\"async\" width=\"768\" height=\"512\" src=\"https:\/\/tulpenfestival.nl\/wp-content\/uploads\/2026\/02\/2025_Tulpenfestival_Web-Sjors_Evers-199-768x512.jpg\" class=\"attachment-medium_large size-medium_large wp-image-1805\" alt=\"\" srcset=\"https:\/\/tulpenfestival.nl\/wp-content\/uploads\/2026\/02\/2025_Tulpenfestival_Web-Sjors_Evers-199-768x512.jpg 768w, https:\/\/tulpenfestival.nl\/wp-content\/uploads\/2026\/02\/2025_Tulpenfestival_Web-Sjors_Evers-199-300x200.jpg 300w, https:\/\/tulpenfestival.nl\/wp-content\/uploads\/2026\/02\/2025_Tulpenfestival_Web-Sjors_Evers-199-1024x682.jpg 1024w, https:\/\/tulpenfestival.nl\/wp-content\/uploads\/2026\/02\/2025_Tulpenfestival_Web-Sjors_Evers-199-1536x1024.jpg 1536w, https:\/\/tulpenfestival.nl\/wp-content\/uploads\/2026\/02\/2025_Tulpenfestival_Web-Sjors_Evers-199-18x12.jpg 18w, https:\/\/tulpenfestival.nl\/wp-content\/uploads\/2026\/02\/2025_Tulpenfestival_Web-Sjors_Evers-199.jpg 2000w\" sizes=\"(max-width: 768px) 100vw, 768px\" \/>\t\t\t\t\t\t\t\t\t\t\t\t\t\t\t<\/div>\n\t\t\t\t<\/div>\n\t\t<div class=\"elementor-element elementor-element-2233874 e-con-full e-flex e-con e-child\" data-id=\"2233874\" data-element_type=\"container\">\n\t\t\t\t<div class=\"elementor-element elementor-element-33ec877 elementor-widget elementor-widget-image\" data-id=\"33ec877\" data-element_type=\"widget\" data-widget_type=\"image.default\">\n\t\t\t\t\t\t\t\t\t\t\t\t\t\t\t<img loading=\"lazy\" decoding=\"async\" width=\"768\" height=\"575\" src=\"https:\/\/tulpenfestival.nl\/wp-content\/uploads\/2025\/11\/Tulpenfestival-2023_\u00a9David_Verolme-768x575.jpg\" class=\"attachment-medium_large size-medium_large wp-image-404\" alt=\"\" srcset=\"https:\/\/tulpenfestival.nl\/wp-content\/uploads\/2025\/11\/Tulpenfestival-2023_\u00a9David_Verolme-768x575.jpg 768w, https:\/\/tulpenfestival.nl\/wp-content\/uploads\/2025\/11\/Tulpenfestival-2023_\u00a9David_Verolme-300x225.jpg 300w, https:\/\/tulpenfestival.nl\/wp-content\/uploads\/2025\/11\/Tulpenfestival-2023_\u00a9David_Verolme-1024x767.jpg 1024w, https:\/\/tulpenfestival.nl\/wp-content\/uploads\/2025\/11\/Tulpenfestival-2023_\u00a9David_Verolme-1536x1150.jpg 1536w, https:\/\/tulpenfestival.nl\/wp-content\/uploads\/2025\/11\/Tulpenfestival-2023_\u00a9David_Verolme-2048x1534.jpg 2048w, https:\/\/tulpenfestival.nl\/wp-content\/uploads\/2025\/11\/Tulpenfestival-2023_\u00a9David_Verolme-16x12.jpg 16w\" sizes=\"(max-width: 768px) 100vw, 768px\" \/>\t\t\t\t\t\t\t\t\t\t\t\t\t\t\t<\/div>\n\t\t\t\t<\/div>\n\t\t\t\t\t<\/div>\n\t\t\t\t<\/div>\n\t\t\t\t<\/div>","protected":false},"excerpt":{"rendered":"<p>Werden Sie Freund des Tulpenfestivals Gemeinsam bringen wir den Polder zum Bl\u00fchen Mit einem Beitrag von 250 \u20ac ohne MwSt. (302,50 \u20ac mit MwSt.) werden Sie ein Freund des Tulpenfestivals Noordoostpolder. Sie [...]<\/p>","protected":false},"author":1,"featured_media":0,"parent":0,"menu_order":0,"comment_status":"closed","ping_status":"closed","template":"","meta":{"footnotes":""},"class_list":["post-1919","page","type-page","status-publish","hentry"],"_links":{"self":[{"href":"https:\/\/tulpenfestival.nl\/de\/wp-json\/wp\/v2\/pages\/1919","targetHints":{"allow":["GET"]}}],"collection":[{"href":"https:\/\/tulpenfestival.nl\/de\/wp-json\/wp\/v2\/pages"}],"about":[{"href":"https:\/\/tulpenfestival.nl\/de\/wp-json\/wp\/v2\/types\/page"}],"author":[{"embeddable":true,"href":"https:\/\/tulpenfestival.nl\/de\/wp-json\/wp\/v2\/users\/1"}],"replies":[{"embeddable":true,"href":"https:\/\/tulpenfestival.nl\/de\/wp-json\/wp\/v2\/comments?post=1919"}],"version-history":[{"count":27,"href":"https:\/\/tulpenfestival.nl\/de\/wp-json\/wp\/v2\/pages\/1919\/revisions"}],"predecessor-version":[{"id":1947,"href":"https:\/\/tulpenfestival.nl\/de\/wp-json\/wp\/v2\/pages\/1919\/revisions\/1947"}],"wp:attachment":[{"href":"https:\/\/tulpenfestival.nl\/de\/wp-json\/wp\/v2\/media?parent=1919"}],"curies":[{"name":"wp","href":"https:\/\/api.w.org\/{rel}","templated":true}]}}