{"id":1798,"date":"2026-02-12T13:10:58","date_gmt":"2026-02-12T13:10:58","guid":{"rendered":"https:\/\/tulpenfestival.nl\/?page_id=1798"},"modified":"2026-02-12T14:50:38","modified_gmt":"2026-02-12T14:50:38","slug":"kreativmarkt-anmelden","status":"publish","type":"page","link":"https:\/\/tulpenfestival.nl\/de\/kreativmarkt-anmelden\/","title":{"rendered":"Anmeldung Creative Market"},"content":{"rendered":"<div data-elementor-type=\"wp-page\" data-elementor-id=\"1798\" class=\"elementor elementor-1798\" data-elementor-post-type=\"page\">\n\t\t\t\t<div class=\"elementor-element elementor-element-115df8e e-flex e-con-boxed e-con e-parent\" data-id=\"115df8e\" data-element_type=\"container\" data-settings=\"{&quot;background_background&quot;:&quot;classic&quot;,&quot;shape_divider_bottom&quot;:&quot;mountains&quot;}\">\n\t\t\t\t\t<div class=\"e-con-inner\">\n\t\t\t\t<div class=\"elementor-shape elementor-shape-bottom\" aria-hidden=\"true\" data-negative=\"false\">\n\t\t\t<svg xmlns=\"http:\/\/www.w3.org\/2000\/svg\" viewbox=\"0 0 1000 100\" preserveaspectratio=\"none\">\n\t<path class=\"elementor-shape-fill\" opacity=\"0.33\" d=\"M473,67.3c-203.9,88.3-263.1-34-320.3,0C66,119.1,0,59.7,0,59.7V0h1000v59.7 c0,0-62.1,26.1-94.9,29.3c-32.8,3.3-62.8-12.3-75.8-22.1C806,49.6,745.3,8.7,694.9,4.7S492.4,59,473,67.3z\"\/>\n\t<path class=\"elementor-shape-fill\" opacity=\"0.66\" d=\"M734,67.3c-45.5,0-77.2-23.2-129.1-39.1c-28.6-8.7-150.3-10.1-254,39.1 s-91.7-34.4-149.2,0C115.7,118.3,0,39.8,0,39.8V0h1000v36.5c0,0-28.2-18.5-92.1-18.5C810.2,18.1,775.7,67.3,734,67.3z\"\/>\n\t<path class=\"elementor-shape-fill\" d=\"M766.1,28.9c-200-57.5-266,65.5-395.1,19.5C242,1.8,242,5.4,184.8,20.6C128,35.8,132.3,44.9,89.9,52.5C28.6,63.7,0,0,0,0 h1000c0,0-9.9,40.9-83.6,48.1S829.6,47,766.1,28.9z\"\/>\n<\/svg>\t\t<\/div>\n\t\t\t\t<div class=\"elementor-element elementor-element-a7480e8 elementor-widget elementor-widget-heading\" data-id=\"a7480e8\" data-element_type=\"widget\" data-widget_type=\"heading.default\">\n\t\t\t\t\t<h2 class=\"elementor-heading-title elementor-size-default\">Anmeldung Kreativmarkt Tulip Erfahrungsfeld<\/h2>\t\t\t\t<\/div>\n\t\t\t\t<div class=\"elementor-element elementor-element-a5c2e61 elementor-widget elementor-widget-text-editor\" data-id=\"a5c2e61\" data-element_type=\"widget\" data-widget_type=\"text-editor.default\">\n\t\t\t\t\t\t\t\t\t<p>Eintritt in den Kreativmarkt<\/p>\t\t\t\t\t\t\t\t<\/div>\n\t\t\t\t\t<\/div>\n\t\t\t\t<\/div>\n\t\t<div class=\"elementor-element elementor-element-dd37b9a e-flex e-con-boxed e-con e-parent\" data-id=\"dd37b9a\" data-element_type=\"container\">\n\t\t\t\t\t<div class=\"e-con-inner\">\n\t\t\t\t<div class=\"elementor-element elementor-element-54abb71 elementor-widget elementor-widget-text-editor\" data-id=\"54abb71\" data-element_type=\"widget\" data-widget_type=\"text-editor.default\">\n\t\t\t\t\t\t\t\t\t<p class=\"article-page__lead\" data-has-access=\"{&quot;hasAccess&quot;:true}\" data-paywall-position=\"0\">Jedes Jahr findet w\u00e4hrend des Tulpenfestes ein Kreativmarkt auf dem Tulpenerlebnisfeld am Creilerpad 14 in Creil statt.\u00a0<\/p><div class=\"content\"><p class=\"article-page__paragraph\">Wenn Sie das nachstehende Formular ausf\u00fcllen, wird Ihnen die Organisation ein Anmeldeformular zusenden.<\/p><p class=\"article-page__paragraph\">Die Organisation ist bestrebt, ein m\u00f6glichst breites Spektrum anzubieten. Das bedeutet, dass eine Anmeldung nicht automatisch eine Zuteilung bedeutet. Die Kosten f\u00fcr den Kreativmarkt betragen 60 \u20ac f\u00fcr einen Stand f\u00fcr das ganze Wochenende. F\u00fcr einen Tag sind es 40 \u20ac pro Stand.<\/p><\/div>\t\t\t\t\t\t\t\t<\/div>\n\t\t\t\t\t<\/div>\n\t\t\t\t<\/div>\n\t\t<div class=\"elementor-element elementor-element-8da58a7 e-flex e-con-boxed e-con e-parent\" data-id=\"8da58a7\" data-element_type=\"container\">\n\t\t\t\t\t<div class=\"e-con-inner\">\n\t\t<div class=\"elementor-element elementor-element-43a274d e-con-full e-flex e-con e-child\" data-id=\"43a274d\" data-element_type=\"container\">\n\t\t\t\t<div class=\"elementor-element elementor-element-b4c143f elementor-widget elementor-widget-heading\" data-id=\"b4c143f\" data-element_type=\"widget\" data-widget_type=\"heading.default\">\n\t\t\t\t\t<h2 class=\"elementor-heading-title elementor-size-default\">Anwendung Kreativmarkt<\/h2>\t\t\t\t<\/div>\n\t\t\t\t<div class=\"elementor-element elementor-element-a2cec1b elementor-button-align-stretch elementor-widget elementor-widget-form\" data-id=\"a2cec1b\" data-element_type=\"widget\" data-settings=\"{&quot;step_next_label&quot;:&quot;Volgende&quot;,&quot;step_previous_label&quot;:&quot;Vorige&quot;,&quot;button_width&quot;:&quot;100&quot;,&quot;step_type&quot;:&quot;number_text&quot;,&quot;step_icon_shape&quot;:&quot;circle&quot;}\" data-widget_type=\"form.default\">\n\t\t\t\t\t\t\t<form class=\"elementor-form\" method=\"post\" name=\"Contact\" aria-label=\"Kontakt\" action=\"\">\n\t\t\t<input type=\"hidden\" name=\"post_id\" value=\"1798\"\/>\n\t\t\t<input type=\"hidden\" name=\"form_id\" value=\"a2cec1b\"\/>\n\t\t\t<input type=\"hidden\" name=\"referer_title\" value=\"Aanmelden Creatieve Markt\" \/>\n\n\t\t\t\t\t\t\t<input type=\"hidden\" name=\"queried_id\" value=\"1798\"\/>\n\t\t\t\n\t\t\t<div class=\"elementor-form-fields-wrapper elementor-labels-\">\n\t\t\t\t\t\t\t\t<div class=\"elementor-field-type-text elementor-field-group elementor-column elementor-field-group-name elementor-col-100\">\n\t\t\t\t\t\t\t\t\t\t\t\t<label for=\"form-field-name\" class=\"elementor-field-label elementor-screen-only\">\n\t\t\t\t\t\t\t\tName\t\t\t\t\t\t\t<\/label>\n\t\t\t\t\t\t\t\t\t\t\t\t\t\t<input size=\"1\" type=\"text\" name=\"form_fields[name]\" id=\"form-field-name\" class=\"elementor-field elementor-size-sm  elementor-field-textual\" placeholder=\"Name\">\n\t\t\t\t\t\t\t\t\t\t\t<\/div>\n\t\t\t\t\t\t\t\t<div class=\"elementor-field-type-email elementor-field-group elementor-column elementor-field-group-email elementor-col-100 elementor-field-required\">\n\t\t\t\t\t\t\t\t\t\t\t\t<label for=\"form-field-email\" class=\"elementor-field-label elementor-screen-only\">\n\t\t\t\t\t\t\t\tE-Mail\t\t\t\t\t\t\t<\/label>\n\t\t\t\t\t\t\t\t\t\t\t\t\t\t<input size=\"1\" type=\"email\" name=\"form_fields[email]\" id=\"form-field-email\" class=\"elementor-field elementor-size-sm  elementor-field-textual\" placeholder=\"E-Mail\" required=\"required\">\n\t\t\t\t\t\t\t\t\t\t\t<\/div>\n\t\t\t\t\t\t\t\t<div class=\"elementor-field-type-textarea elementor-field-group elementor-column elementor-field-group-message elementor-col-100\">\n\t\t\t\t\t\t\t\t\t\t\t\t<label for=\"form-field-message\" class=\"elementor-field-label elementor-screen-only\">\n\t\t\t\t\t\t\t\tNachricht\t\t\t\t\t\t\t<\/label>\n\t\t\t\t\t\t<textarea class=\"elementor-field-textual elementor-field  elementor-size-sm\" name=\"form_fields[message]\" id=\"form-field-message\" rows=\"4\" placeholder=\"Nachricht\"><\/textarea>\t\t\t\t<\/div>\n\t\t\t\t\t\t\t\t<div class=\"elementor-field-type-recaptcha_v3 elementor-field-group elementor-column elementor-field-group-field_5c9c8ec elementor-col-100 recaptcha_v3-bottomright\">\n\t\t\t\t\t<div class=\"elementor-field\" id=\"form-field-field_5c9c8ec\"><div class=\"elementor-g-recaptcha\" data-sitekey=\"6Lf2ymQsAAAAALjFhOem8VS_rFpQ8W7ZbJY6kUNF\" data-type=\"v3\" data-action=\"Form\" data-badge=\"bottomright\" data-size=\"invisible\"><\/div><\/div>\t\t\t\t<\/div>\n\t\t\t\t\t\t\t\t<div class=\"elementor-field-group elementor-column elementor-field-type-submit elementor-col-100 e-form__buttons\">\n\t\t\t\t\t<button class=\"elementor-button elementor-size-sm\" type=\"submit\">\n\t\t\t\t\t\t<span class=\"elementor-button-content-wrapper\">\n\t\t\t\t\t\t\t\t\t\t\t\t\t\t\t\t\t\t\t\t\t\t<span class=\"elementor-button-text\">Senden Sie<\/span>\n\t\t\t\t\t\t\t\t\t\t\t\t\t<\/span>\n\t\t\t\t\t<\/button>\n\t\t\t\t<\/div>\n\t\t\t<\/div>\n\t\t<input type=\"hidden\" name=\"trp-form-language\" value=\"de\"\/><\/form>\n\t\t\t\t\t\t<\/div>\n\t\t\t\t<\/div>\n\t\t\t\t\t<\/div>\n\t\t\t\t<\/div>\n\t\t<div class=\"elementor-element elementor-element-e9354c9 e-flex e-con-boxed e-con e-parent\" data-id=\"e9354c9\" data-element_type=\"container\">\n\t\t\t\t\t<div class=\"e-con-inner\">\n\t\t<div class=\"elementor-element elementor-element-5555ee5 e-con-full e-flex e-con e-child\" data-id=\"5555ee5\" data-element_type=\"container\">\n\t\t\t\t<div class=\"elementor-element elementor-element-487b821 elementor-widget elementor-widget-image\" data-id=\"487b821\" data-element_type=\"widget\" data-widget_type=\"image.default\">\n\t\t\t\t\t\t\t\t\t\t\t\t\t\t\t<img fetchpriority=\"high\" decoding=\"async\" width=\"768\" height=\"512\" src=\"https:\/\/tulpenfestival.nl\/wp-content\/uploads\/2026\/02\/2025_Tulpenfestival_Web-Sjors_Evers-143-768x512.jpg\" class=\"attachment-medium_large size-medium_large wp-image-1801\" alt=\"\" srcset=\"https:\/\/tulpenfestival.nl\/wp-content\/uploads\/2026\/02\/2025_Tulpenfestival_Web-Sjors_Evers-143-768x512.jpg 768w, https:\/\/tulpenfestival.nl\/wp-content\/uploads\/2026\/02\/2025_Tulpenfestival_Web-Sjors_Evers-143-300x200.jpg 300w, https:\/\/tulpenfestival.nl\/wp-content\/uploads\/2026\/02\/2025_Tulpenfestival_Web-Sjors_Evers-143-1024x682.jpg 1024w, https:\/\/tulpenfestival.nl\/wp-content\/uploads\/2026\/02\/2025_Tulpenfestival_Web-Sjors_Evers-143-1536x1024.jpg 1536w, https:\/\/tulpenfestival.nl\/wp-content\/uploads\/2026\/02\/2025_Tulpenfestival_Web-Sjors_Evers-143-18x12.jpg 18w, https:\/\/tulpenfestival.nl\/wp-content\/uploads\/2026\/02\/2025_Tulpenfestival_Web-Sjors_Evers-143.jpg 2000w\" sizes=\"(max-width: 768px) 100vw, 768px\" \/>\t\t\t\t\t\t\t\t\t\t\t\t\t\t\t<\/div>\n\t\t\t\t<\/div>\n\t\t<div class=\"elementor-element elementor-element-f357210 e-con-full e-flex e-con e-child\" data-id=\"f357210\" data-element_type=\"container\">\n\t\t\t\t<div class=\"elementor-element elementor-element-fdf799d elementor-widget elementor-widget-image\" data-id=\"fdf799d\" data-element_type=\"widget\" data-widget_type=\"image.default\">\n\t\t\t\t\t\t\t\t\t\t\t\t\t\t\t<img decoding=\"async\" width=\"768\" height=\"512\" src=\"https:\/\/tulpenfestival.nl\/wp-content\/uploads\/2026\/02\/2025_Tulpenfestival_Web-Sjors_Evers-148-768x512.jpg\" class=\"attachment-medium_large size-medium_large wp-image-1802\" alt=\"\" srcset=\"https:\/\/tulpenfestival.nl\/wp-content\/uploads\/2026\/02\/2025_Tulpenfestival_Web-Sjors_Evers-148-768x512.jpg 768w, https:\/\/tulpenfestival.nl\/wp-content\/uploads\/2026\/02\/2025_Tulpenfestival_Web-Sjors_Evers-148-300x200.jpg 300w, https:\/\/tulpenfestival.nl\/wp-content\/uploads\/2026\/02\/2025_Tulpenfestival_Web-Sjors_Evers-148-1024x682.jpg 1024w, https:\/\/tulpenfestival.nl\/wp-content\/uploads\/2026\/02\/2025_Tulpenfestival_Web-Sjors_Evers-148-1536x1024.jpg 1536w, https:\/\/tulpenfestival.nl\/wp-content\/uploads\/2026\/02\/2025_Tulpenfestival_Web-Sjors_Evers-148-18x12.jpg 18w, https:\/\/tulpenfestival.nl\/wp-content\/uploads\/2026\/02\/2025_Tulpenfestival_Web-Sjors_Evers-148.jpg 2000w\" sizes=\"(max-width: 768px) 100vw, 768px\" \/>\t\t\t\t\t\t\t\t\t\t\t\t\t\t\t<\/div>\n\t\t\t\t<\/div>\n\t\t<div class=\"elementor-element elementor-element-7e94404 e-con-full e-flex e-con e-child\" data-id=\"7e94404\" data-element_type=\"container\">\n\t\t\t\t<div class=\"elementor-element elementor-element-3e87024 elementor-widget elementor-widget-image\" data-id=\"3e87024\" data-element_type=\"widget\" data-widget_type=\"image.default\">\n\t\t\t\t\t\t\t\t\t\t\t\t\t\t\t<img decoding=\"async\" width=\"768\" height=\"512\" src=\"https:\/\/tulpenfestival.nl\/wp-content\/uploads\/2026\/02\/2025_Tulpenfestival_Web-Sjors_Evers-186-768x512.jpg\" class=\"attachment-medium_large size-medium_large wp-image-1803\" alt=\"\" srcset=\"https:\/\/tulpenfestival.nl\/wp-content\/uploads\/2026\/02\/2025_Tulpenfestival_Web-Sjors_Evers-186-768x512.jpg 768w, https:\/\/tulpenfestival.nl\/wp-content\/uploads\/2026\/02\/2025_Tulpenfestival_Web-Sjors_Evers-186-300x200.jpg 300w, https:\/\/tulpenfestival.nl\/wp-content\/uploads\/2026\/02\/2025_Tulpenfestival_Web-Sjors_Evers-186-1024x682.jpg 1024w, https:\/\/tulpenfestival.nl\/wp-content\/uploads\/2026\/02\/2025_Tulpenfestival_Web-Sjors_Evers-186-1536x1024.jpg 1536w, https:\/\/tulpenfestival.nl\/wp-content\/uploads\/2026\/02\/2025_Tulpenfestival_Web-Sjors_Evers-186-18x12.jpg 18w, https:\/\/tulpenfestival.nl\/wp-content\/uploads\/2026\/02\/2025_Tulpenfestival_Web-Sjors_Evers-186.jpg 2000w\" sizes=\"(max-width: 768px) 100vw, 768px\" \/>\t\t\t\t\t\t\t\t\t\t\t\t\t\t\t<\/div>\n\t\t\t\t<\/div>\n\t\t<div class=\"elementor-element elementor-element-8178861 e-con-full e-flex e-con e-child\" data-id=\"8178861\" data-element_type=\"container\">\n\t\t\t\t<div class=\"elementor-element elementor-element-adcb09c elementor-widget elementor-widget-image\" data-id=\"adcb09c\" data-element_type=\"widget\" data-widget_type=\"image.default\">\n\t\t\t\t\t\t\t\t\t\t\t\t\t\t\t<img loading=\"lazy\" decoding=\"async\" width=\"768\" height=\"512\" src=\"https:\/\/tulpenfestival.nl\/wp-content\/uploads\/2026\/02\/2025_Tulpenfestival_Web-Sjors_Evers-193-768x512.jpg\" class=\"attachment-medium_large size-medium_large wp-image-1804\" alt=\"\" srcset=\"https:\/\/tulpenfestival.nl\/wp-content\/uploads\/2026\/02\/2025_Tulpenfestival_Web-Sjors_Evers-193-768x512.jpg 768w, https:\/\/tulpenfestival.nl\/wp-content\/uploads\/2026\/02\/2025_Tulpenfestival_Web-Sjors_Evers-193-300x200.jpg 300w, https:\/\/tulpenfestival.nl\/wp-content\/uploads\/2026\/02\/2025_Tulpenfestival_Web-Sjors_Evers-193-1024x682.jpg 1024w, https:\/\/tulpenfestival.nl\/wp-content\/uploads\/2026\/02\/2025_Tulpenfestival_Web-Sjors_Evers-193-1536x1024.jpg 1536w, https:\/\/tulpenfestival.nl\/wp-content\/uploads\/2026\/02\/2025_Tulpenfestival_Web-Sjors_Evers-193-18x12.jpg 18w, https:\/\/tulpenfestival.nl\/wp-content\/uploads\/2026\/02\/2025_Tulpenfestival_Web-Sjors_Evers-193.jpg 2000w\" sizes=\"(max-width: 768px) 100vw, 768px\" \/>\t\t\t\t\t\t\t\t\t\t\t\t\t\t\t<\/div>\n\t\t\t\t<\/div>\n\t\t<div class=\"elementor-element elementor-element-3a82478 e-con-full e-flex e-con e-child\" data-id=\"3a82478\" data-element_type=\"container\">\n\t\t\t\t<div class=\"elementor-element elementor-element-010f807 elementor-widget elementor-widget-image\" data-id=\"010f807\" data-element_type=\"widget\" data-widget_type=\"image.default\">\n\t\t\t\t\t\t\t\t\t\t\t\t\t\t\t<img loading=\"lazy\" decoding=\"async\" width=\"768\" height=\"512\" src=\"https:\/\/tulpenfestival.nl\/wp-content\/uploads\/2026\/02\/2025_Tulpenfestival_Web-Sjors_Evers-199-768x512.jpg\" class=\"attachment-medium_large size-medium_large wp-image-1805\" alt=\"\" srcset=\"https:\/\/tulpenfestival.nl\/wp-content\/uploads\/2026\/02\/2025_Tulpenfestival_Web-Sjors_Evers-199-768x512.jpg 768w, https:\/\/tulpenfestival.nl\/wp-content\/uploads\/2026\/02\/2025_Tulpenfestival_Web-Sjors_Evers-199-300x200.jpg 300w, https:\/\/tulpenfestival.nl\/wp-content\/uploads\/2026\/02\/2025_Tulpenfestival_Web-Sjors_Evers-199-1024x682.jpg 1024w, https:\/\/tulpenfestival.nl\/wp-content\/uploads\/2026\/02\/2025_Tulpenfestival_Web-Sjors_Evers-199-1536x1024.jpg 1536w, https:\/\/tulpenfestival.nl\/wp-content\/uploads\/2026\/02\/2025_Tulpenfestival_Web-Sjors_Evers-199-18x12.jpg 18w, https:\/\/tulpenfestival.nl\/wp-content\/uploads\/2026\/02\/2025_Tulpenfestival_Web-Sjors_Evers-199.jpg 2000w\" sizes=\"(max-width: 768px) 100vw, 768px\" \/>\t\t\t\t\t\t\t\t\t\t\t\t\t\t\t<\/div>\n\t\t\t\t<\/div>\n\t\t<div class=\"elementor-element elementor-element-2233874 e-con-full e-flex e-con e-child\" data-id=\"2233874\" data-element_type=\"container\">\n\t\t\t\t<div class=\"elementor-element elementor-element-33ec877 elementor-widget elementor-widget-image\" data-id=\"33ec877\" data-element_type=\"widget\" data-widget_type=\"image.default\">\n\t\t\t\t\t\t\t\t\t\t\t\t\t\t\t<img loading=\"lazy\" decoding=\"async\" width=\"768\" height=\"512\" src=\"https:\/\/tulpenfestival.nl\/wp-content\/uploads\/2026\/02\/2025_Tulpenfestival_Web-Sjors_Evers-202-768x512.jpg\" class=\"attachment-medium_large size-medium_large wp-image-1806\" alt=\"\" srcset=\"https:\/\/tulpenfestival.nl\/wp-content\/uploads\/2026\/02\/2025_Tulpenfestival_Web-Sjors_Evers-202-768x512.jpg 768w, https:\/\/tulpenfestival.nl\/wp-content\/uploads\/2026\/02\/2025_Tulpenfestival_Web-Sjors_Evers-202-300x200.jpg 300w, https:\/\/tulpenfestival.nl\/wp-content\/uploads\/2026\/02\/2025_Tulpenfestival_Web-Sjors_Evers-202-1024x682.jpg 1024w, https:\/\/tulpenfestival.nl\/wp-content\/uploads\/2026\/02\/2025_Tulpenfestival_Web-Sjors_Evers-202-1536x1024.jpg 1536w, https:\/\/tulpenfestival.nl\/wp-content\/uploads\/2026\/02\/2025_Tulpenfestival_Web-Sjors_Evers-202-18x12.jpg 18w, https:\/\/tulpenfestival.nl\/wp-content\/uploads\/2026\/02\/2025_Tulpenfestival_Web-Sjors_Evers-202.jpg 2000w\" sizes=\"(max-width: 768px) 100vw, 768px\" \/>\t\t\t\t\t\t\t\t\t\t\t\t\t\t\t<\/div>\n\t\t\t\t<\/div>\n\t\t\t\t\t<\/div>\n\t\t\t\t<\/div>\n\t\t\t\t<\/div>","protected":false},"excerpt":{"rendered":"<p>Anmeldung Kreativmarkt Tulpenerlebnisfeld Nehmen Sie am Kreativmarkt teil W\u00e4hrend des Tulpenfestes findet jedes Jahr ein Kreativmarkt auf dem Tulpenerlebnisfeld am Creilerpad 14 in Creil statt.  Durch [...]<\/p>","protected":false},"author":1,"featured_media":0,"parent":0,"menu_order":0,"comment_status":"closed","ping_status":"closed","template":"","meta":{"footnotes":""},"class_list":["post-1798","page","type-page","status-publish","hentry"],"_links":{"self":[{"href":"https:\/\/tulpenfestival.nl\/de\/wp-json\/wp\/v2\/pages\/1798","targetHints":{"allow":["GET"]}}],"collection":[{"href":"https:\/\/tulpenfestival.nl\/de\/wp-json\/wp\/v2\/pages"}],"about":[{"href":"https:\/\/tulpenfestival.nl\/de\/wp-json\/wp\/v2\/types\/page"}],"author":[{"embeddable":true,"href":"https:\/\/tulpenfestival.nl\/de\/wp-json\/wp\/v2\/users\/1"}],"replies":[{"embeddable":true,"href":"https:\/\/tulpenfestival.nl\/de\/wp-json\/wp\/v2\/comments?post=1798"}],"version-history":[{"count":22,"href":"https:\/\/tulpenfestival.nl\/de\/wp-json\/wp\/v2\/pages\/1798\/revisions"}],"predecessor-version":[{"id":1828,"href":"https:\/\/tulpenfestival.nl\/de\/wp-json\/wp\/v2\/pages\/1798\/revisions\/1828"}],"wp:attachment":[{"href":"https:\/\/tulpenfestival.nl\/de\/wp-json\/wp\/v2\/media?parent=1798"}],"curies":[{"name":"wp","href":"https:\/\/api.w.org\/{rel}","templated":true}]}}