{"id":1094,"date":"2026-02-07T17:33:18","date_gmt":"2026-02-07T17:33:18","guid":{"rendered":"https:\/\/dev.tulpenfestival.nl\/?page_id=1094"},"modified":"2026-03-07T14:32:54","modified_gmt":"2026-03-07T14:32:54","slug":"erklarung-zum-datenschutz","status":"publish","type":"page","link":"https:\/\/tulpenfestival.nl\/de\/erklarung-zum-datenschutz\/","title":{"rendered":"Erkl\u00e4rung zum Datenschutz"},"content":{"rendered":"<div data-elementor-type=\"wp-page\" data-elementor-id=\"1094\" class=\"elementor elementor-1094\" data-elementor-post-type=\"page\">\n\t\t\t\t<div class=\"elementor-element elementor-element-54d765b e-flex e-con-boxed e-con e-parent\" data-id=\"54d765b\" data-element_type=\"container\" data-settings=\"{&quot;background_background&quot;:&quot;gradient&quot;}\">\n\t\t\t\t\t<div class=\"e-con-inner\">\n\t\t\t\t<div class=\"elementor-element elementor-element-b9a6456 elementor-widget elementor-widget-heading\" data-id=\"b9a6456\" data-element_type=\"widget\" data-widget_type=\"heading.default\">\n\t\t\t\t\t<h2 class=\"elementor-heading-title elementor-size-default\">Erkl\u00e4rung zum Datenschutz<\/h2>\t\t\t\t<\/div>\n\t\t\t\t<div class=\"elementor-element elementor-element-a875697 elementor-widget elementor-widget-text-editor\" data-id=\"a875697\" data-element_type=\"widget\" data-widget_type=\"text-editor.default\">\n\t\t\t\t\t\t\t\t\t<p><strong>Stiftung Tulpenfest Noordoostpolder<\/strong> verpflichtet sich, Ihre pers\u00f6nlichen Daten zu sch\u00fctzen. In dieser Datenschutzerkl\u00e4rung erl\u00e4utern wir, welche Daten wir verarbeiten, warum wir dies tun und wie wir damit umgehen.<\/p>\t\t\t\t\t\t\t\t<\/div>\n\t\t\t\t\t<\/div>\n\t\t\t\t<\/div>\n\t\t<div class=\"elementor-element elementor-element-de2db64 e-flex e-con-boxed e-con e-parent\" data-id=\"de2db64\" data-element_type=\"container\">\n\t\t\t\t\t<div class=\"e-con-inner\">\n\t\t\t\t<div class=\"elementor-element elementor-element-b160279 elementor-widget elementor-widget-text-editor\" data-id=\"b160279\" data-element_type=\"widget\" data-widget_type=\"text-editor.default\">\n\t\t\t\t\t\t\t\t\t<h3 data-section-id=\"ymtkfn\" data-start=\"632\" data-end=\"667\">1. Verantwortliche Organisation<\/h3><p data-start=\"669\" data-end=\"733\">Der Inhaber der Datenverarbeitung ist:<\/p><p data-start=\"735\" data-end=\"825\"><strong data-start=\"735\" data-end=\"779\">Stiftung Tulpenfest Noordoostpolder<\/strong><br data-start=\"779\" data-end=\"782\" \/>Creilerpad 14<br data-start=\"795\" data-end=\"798\" \/>8312 PS Creil<br data-start=\"811\" data-end=\"814\" \/>Niederlande<\/p><p data-start=\"827\" data-end=\"857\">E-Mail: <a class=\"decorated-link cursor-pointer\" rel=\"noopener\" data-start=\"835\" data-end=\"857\">info@tulpenfestival.nl<\/a><\/p><p>\u00a0<\/p><h3 data-section-id=\"zf4ymx\" data-start=\"864\" data-end=\"891\">2. Die Tulpenfest-App<\/h3><p data-start=\"893\" data-end=\"1071\">Die App Tulip Festival Noordoostpolder soll Besucher \u00fcber das Festival informieren, Routen entlang der Tulpenfelder aufzeigen und besondere Orte in der Region entdecken.<\/p><p data-start=\"1073\" data-end=\"1138\">Die App funktioniert <strong data-start=\"1086\" data-end=\"1137\">ohne Benutzerkonten und ohne Registrierung<\/strong>.<\/p><p data-start=\"1140\" data-end=\"1234\">Wir sammeln \u00fcber die App <strong data-start=\"1166\" data-end=\"1191\">keine pers\u00f6nlichen Daten<\/strong> wie Name, E-Mail-Adresse oder Telefonnummer.<\/p><h4 data-section-id=\"1ceafxw\" data-start=\"1677\" data-end=\"1702\">Nutzung von App-Stores<\/h4><p data-start=\"1704\" data-end=\"1954\">Die Tulpenfestival Noordoostpolder App wird \u00fcber den Google Play Store und den Apple App Store angeboten. Wenn Sie die App herunterladen oder nutzen, k\u00f6nnen diese Plattformen bestimmte technische Daten verarbeiten, wie z. B. Download-Statistiken oder Ger\u00e4tetypen.<\/p><p data-start=\"1956\" data-end=\"2161\">Diese Daten werden von Google und Apple gem\u00e4\u00df deren eigenen Datenschutzrichtlinien verarbeitet. Die Stiftung Tulpenfestival Noordoostpolder erh\u00e4lt \u00fcber diese Statistiken keine pers\u00f6nlichen Daten von einzelnen Nutzern.<\/p><p data-start=\"1956\" data-end=\"2161\">\u00a0<\/p><h3 data-section-id=\"pkzoj7\" data-start=\"1241\" data-end=\"1274\">3. Verwendung von Standortdaten<\/h3><p data-start=\"1276\" data-end=\"1341\">Die App kann die <strong data-start=\"1307\" data-end=\"1340\">Standort (GPS) Ihres Ger\u00e4ts<\/strong>.<\/p><p data-start=\"1343\" data-end=\"1370\">Dies geschieht ausschlie\u00dflich zu diesem Zweck:<\/p><ul data-start=\"1372\" data-end=\"1450\"><li data-section-id=\"1ygdzp9\" data-start=\"1372\" data-end=\"1411\"><p data-start=\"1374\" data-end=\"1411\">Anzeige der Routen entlang der Tulpenfelder<\/p><\/li><li data-section-id=\"1w5pqi7\" data-start=\"1412\" data-end=\"1450\"><p data-start=\"1414\" data-end=\"1450\">Ihre Position auf der Karte anzeigen<\/p><\/li><\/ul><p data-start=\"1452\" data-end=\"1566\">Der Veranstaltungsort wird sein <strong data-start=\"1469\" data-end=\"1508\">nur auf Ihrem eigenen Ger\u00e4t verwendet werden<\/strong> und <strong data-start=\"1512\" data-end=\"1565\">nicht gespeichert oder an unsere Server weitergeleitet werden<\/strong>.<\/p><p data-start=\"1568\" data-end=\"1672\">Sie k\u00f6nnen die Standortnutzung jederzeit in den Einstellungen Ihres Telefons (Android oder iOS) deaktivieren.<\/p><p>\u00a0<\/p><h3 data-section-id=\"s5nq4y\" data-start=\"1679\" data-end=\"1710\">4. Analytik und Statistik<\/h3><p data-start=\"1712\" data-end=\"1774\">Die App selbst enth\u00e4lt <strong data-start=\"1730\" data-end=\"1773\">keine Tracking-Software und keine Analysen<\/strong>.<\/p><p data-start=\"1776\" data-end=\"1837\">Anonymisierte Statistiken k\u00f6nnen jedoch \u00fcber das Internet abrufbar sein:<\/p><ul data-start=\"1839\" data-end=\"1886\"><li data-section-id=\"1d9q8j6\" data-start=\"1839\" data-end=\"1860\"><p data-start=\"1841\" data-end=\"1860\">Google Play-Konsole<\/p><\/li><li data-section-id=\"1kicj7k\" data-start=\"1861\" data-end=\"1886\"><p data-start=\"1863\" data-end=\"1886\">Apple App Store verbinden<\/p><\/li><\/ul><p data-start=\"1888\" data-end=\"2007\">Diese Statistiken werden von Google und Apple bereitgestellt und enthalten keine von uns erhobenen personenbezogenen Daten.<\/p><p>\u00a0<\/p><h3 data-section-id=\"br6ibo\" data-start=\"2014\" data-end=\"2043\">5. Google Maps verwenden<\/h3><p data-start=\"2045\" data-end=\"2123\">Die App verwendet <strong data-start=\"2070\" data-end=\"2085\">Google Maps<\/strong> um Karten und Standorte anzuzeigen.<\/p><p data-start=\"2125\" data-end=\"2321\">Wenn Sie eine Karte betrachten, kann Google Daten gem\u00e4\u00df den Datenschutzbestimmungen von Google verarbeiten. Die Stiftung Tulpenfestival Noordoostpolder erh\u00e4lt hiermit <strong data-start=\"2280\" data-end=\"2320\">keine pers\u00f6nlichen Daten der Nutzer<\/strong>.<\/p><p data-start=\"2323\" data-end=\"2377\">Weitere Informationen:<br data-start=\"2339\" data-end=\"2342\" \/><a class=\"decorated-link\" href=\"https:\/\/policies.google.com\/privacy\" target=\"_new\" rel=\"noopener\" data-start=\"2342\" data-end=\"2377\">https:\/\/policies.google.com\/privacy<\/a><\/p><p>\u00a0<\/p><h3 data-section-id=\"r0uapy\" data-start=\"2384\" data-end=\"2420\">6. Website des Tulpenfestes<\/h3><p data-start=\"2422\" data-end=\"2535\">Auf unserer Website (tulpenfestival.nl) finden die Besucher Informationen \u00fcber das Festival, die Routen und die Aktivit\u00e4ten.<\/p><p data-start=\"2537\" data-end=\"2704\">Auf der Website verwenden wir <strong data-start=\"2565\" data-end=\"2585\">Google Analytics<\/strong> um Einblick in die Nutzung der Website zu erhalten. Diese Daten werden nur verwendet, um die Website zu verbessern.<\/p><p data-start=\"2706\" data-end=\"2773\">Die Website enth\u00e4lt <strong data-start=\"2725\" data-end=\"2772\">keine Cookies f\u00fcr Marketing oder Werbung<\/strong>.<\/p><p>\u00a0<\/p><h3 data-section-id=\"1f6527p\" data-start=\"2780\" data-end=\"2797\">7. Newsletter<\/h3><p data-start=\"2799\" data-end=\"2889\">Besucher k\u00f6nnen sich \u00fcber die Website f\u00fcr den Newsletter des Tulpenfestes anmelden.<\/p><p data-start=\"2891\" data-end=\"2917\">Wenn Sie sich anmelden:<\/p><ul data-start=\"2919\" data-end=\"3042\"><li data-section-id=\"1p1kfsp\" data-start=\"2919\" data-end=\"2994\"><p data-start=\"2921\" data-end=\"2994\">wir verwenden Ihre E-Mail-Adresse nur f\u00fcr den Versand des Newsletters<\/p><\/li><li data-section-id=\"xh4bd4\" data-start=\"2995\" data-end=\"3042\"><p data-start=\"2997\" data-end=\"3042\">Sie k\u00f6nnen sich jederzeit abmelden<\/p><\/li><\/ul><p data-start=\"3044\" data-end=\"3101\">Ihre Daten werden aufbewahrt <strong data-start=\"3071\" data-end=\"3100\">bis Sie sich abmelden<\/strong>.<\/p><p>\u00a0<\/p><h3 data-section-id=\"1c5nk6a\" data-start=\"3108\" data-end=\"3130\">8. Kontakt-Formular<\/h3><p data-start=\"3132\" data-end=\"3264\">Wenn Sie sich \u00fcber das Kontaktformular auf der Website an uns wenden, werden wir Ihre Angaben ausschlie\u00dflich zur Beantwortung Ihrer Anfrage verwenden.<\/p><p data-start=\"3266\" data-end=\"3315\">Diese Daten werden maximal <strong data-start=\"3296\" data-end=\"3314\">Aufbewahrung f\u00fcr 2 Jahre<\/strong>.<\/p><p>\u00a0<\/p><h3 data-section-id=\"1cja9oj\" data-start=\"3322\" data-end=\"3346\">9. Gemeinsame Nutzung von Daten<\/h3><p data-start=\"3348\" data-end=\"3448\">Stiftung Tulpenfest Noordoostpolder <strong data-start=\"3389\" data-end=\"3447\">keine personenbezogenen Daten an Dritte verkauft oder weitergibt<\/strong>.<\/p><p data-start=\"3450\" data-end=\"3565\">Das technische Hosting unserer Systeme wird bereitgestellt von <strong data-start=\"3510\" data-end=\"3521\">VeroCon<\/strong>, Mitglied des Ausschusses f\u00fcr das Tulpenfest.<\/p><p>\u00a0<\/p><h3 data-section-id=\"jsrc8u\" data-start=\"3572\" data-end=\"3602\">10. Rechte der betroffenen Personen<\/h3><p data-start=\"3604\" data-end=\"3683\">Gem\u00e4\u00df der Allgemeinen Datenschutzverordnung (GDPR) haben Sie das Recht auf:<\/p><ul data-start=\"3685\" data-end=\"3823\"><li data-section-id=\"1wsrha2\" data-start=\"3685\" data-end=\"3719\"><p data-start=\"3687\" data-end=\"3719\">Zugang zu Ihren Daten<\/p><\/li><li data-section-id=\"h2mktv\" data-start=\"3720\" data-end=\"3752\"><p data-start=\"3722\" data-end=\"3752\">Ihre Daten \u00e4ndern lassen<\/p><\/li><li data-section-id=\"1yvwky2\" data-start=\"3753\" data-end=\"3787\"><p data-start=\"3755\" data-end=\"3787\">Ihre Daten l\u00f6schen lassen<\/p><\/li><li data-section-id=\"8rhq62\" data-start=\"3788\" data-end=\"3823\"><p data-start=\"3790\" data-end=\"3823\">der Verarbeitung widersprechen<\/p><\/li><\/ul><p data-start=\"3825\" data-end=\"3861\">Sie k\u00f6nnen sie unter folgender Adresse erreichen:<\/p><p data-start=\"3863\" data-end=\"3885\"><a class=\"decorated-link cursor-pointer\" rel=\"noopener\" data-start=\"3863\" data-end=\"3885\">info@tulpenfestival.nl<\/a><\/p><p>\u00a0<\/p><h3 data-section-id=\"spi5z4\" data-start=\"3892\" data-end=\"3910\">11. \u00c4nderungen<\/h3><p data-start=\"3912\" data-end=\"4028\">Diese Datenschutzerkl\u00e4rung kann bei Bedarf aktualisiert werden, z. B. wenn \u00c4nderungen an der App oder der Website vorgenommen werden.<\/p><p data-start=\"4030\" data-end=\"4102\">Die aktuellste Version ist immer eingeschaltet:<br data-start=\"4070\" data-end=\"4073\" \/><strong data-start=\"4073\" data-end=\"4102\"><a class=\"decorated-link\" href=\"https:\/\/tulpenfestival.nl\/de\" target=\"_new\" rel=\"noopener\" data-start=\"4075\" data-end=\"4100\">https:\/\/tulpenfestival.nl<\/a><\/strong><\/p><p>\u00a0<\/p><h3 data-section-id=\"1bdu0i0\" data-start=\"4109\" data-end=\"4123\">12. Kontakt<\/h3><p data-start=\"4125\" data-end=\"4193\">Haben Sie Fragen zu dieser Erkl\u00e4rung zum Datenschutz? Dann kontaktieren Sie uns bitte unter:<\/p><p data-start=\"4195\" data-end=\"4217\"><a class=\"decorated-link cursor-pointer\" rel=\"noopener\" data-start=\"4195\" data-end=\"4217\">info@tulpenfestival.nl<\/a><\/p>\t\t\t\t\t\t\t\t<\/div>\n\t\t\t\t\t<\/div>\n\t\t\t\t<\/div>\n\t\t\t\t<\/div>","protected":false},"excerpt":{"rendered":"<p>Privacy verklaring Stichting Tulpenfestival Noordoostpolder hecht veel waarde aan de bescherming van uw persoonsgegevens. In deze privacyverklaring leggen wij uit welke gegevens wij verwerken, waarom wij dat doen en hoe [&hellip;]<\/p>","protected":false},"author":1,"featured_media":0,"parent":0,"menu_order":0,"comment_status":"closed","ping_status":"closed","template":"","meta":{"footnotes":""},"class_list":["post-1094","page","type-page","status-publish","hentry"],"_links":{"self":[{"href":"https:\/\/tulpenfestival.nl\/de\/wp-json\/wp\/v2\/pages\/1094","targetHints":{"allow":["GET"]}}],"collection":[{"href":"https:\/\/tulpenfestival.nl\/de\/wp-json\/wp\/v2\/pages"}],"about":[{"href":"https:\/\/tulpenfestival.nl\/de\/wp-json\/wp\/v2\/types\/page"}],"author":[{"embeddable":true,"href":"https:\/\/tulpenfestival.nl\/de\/wp-json\/wp\/v2\/users\/1"}],"replies":[{"embeddable":true,"href":"https:\/\/tulpenfestival.nl\/de\/wp-json\/wp\/v2\/comments?post=1094"}],"version-history":[{"count":10,"href":"https:\/\/tulpenfestival.nl\/de\/wp-json\/wp\/v2\/pages\/1094\/revisions"}],"predecessor-version":[{"id":2092,"href":"https:\/\/tulpenfestival.nl\/de\/wp-json\/wp\/v2\/pages\/1094\/revisions\/2092"}],"wp:attachment":[{"href":"https:\/\/tulpenfestival.nl\/de\/wp-json\/wp\/v2\/media?parent=1094"}],"curies":[{"name":"wp","href":"https:\/\/api.w.org\/{rel}","templated":true}]}}