{"id":1057,"date":"2026-02-07T12:02:25","date_gmt":"2026-02-07T12:02:25","guid":{"rendered":"https:\/\/dev.tulpenfestival.nl\/?page_id=1057"},"modified":"2026-03-31T10:45:23","modified_gmt":"2026-03-31T10:45:23","slug":"tulpenfest-app","status":"publish","type":"page","link":"https:\/\/tulpenfestival.nl\/de\/tulpenfest-app\/","title":{"rendered":"Tulpenfest-App"},"content":{"rendered":"<div data-elementor-type=\"wp-page\" data-elementor-id=\"1057\" class=\"elementor elementor-1057\" data-elementor-post-type=\"page\">\n\t\t\t\t<div class=\"elementor-element elementor-element-91bcebd e-flex e-con-boxed e-con e-parent\" data-id=\"91bcebd\" data-element_type=\"container\" data-settings=\"{&quot;background_background&quot;:&quot;gradient&quot;,&quot;shape_divider_bottom&quot;:&quot;mountains&quot;}\">\n\t\t\t\t\t<div class=\"e-con-inner\">\n\t\t\t\t<div class=\"elementor-shape elementor-shape-bottom\" aria-hidden=\"true\" data-negative=\"false\">\n\t\t\t<svg xmlns=\"http:\/\/www.w3.org\/2000\/svg\" viewbox=\"0 0 1000 100\" preserveaspectratio=\"none\">\n\t<path class=\"elementor-shape-fill\" opacity=\"0.33\" d=\"M473,67.3c-203.9,88.3-263.1-34-320.3,0C66,119.1,0,59.7,0,59.7V0h1000v59.7 c0,0-62.1,26.1-94.9,29.3c-32.8,3.3-62.8-12.3-75.8-22.1C806,49.6,745.3,8.7,694.9,4.7S492.4,59,473,67.3z\"\/>\n\t<path class=\"elementor-shape-fill\" opacity=\"0.66\" d=\"M734,67.3c-45.5,0-77.2-23.2-129.1-39.1c-28.6-8.7-150.3-10.1-254,39.1 s-91.7-34.4-149.2,0C115.7,118.3,0,39.8,0,39.8V0h1000v36.5c0,0-28.2-18.5-92.1-18.5C810.2,18.1,775.7,67.3,734,67.3z\"\/>\n\t<path class=\"elementor-shape-fill\" d=\"M766.1,28.9c-200-57.5-266,65.5-395.1,19.5C242,1.8,242,5.4,184.8,20.6C128,35.8,132.3,44.9,89.9,52.5C28.6,63.7,0,0,0,0 h1000c0,0-9.9,40.9-83.6,48.1S829.6,47,766.1,28.9z\"\/>\n<\/svg>\t\t<\/div>\n\t\t<div class=\"elementor-element elementor-element-2e46ccf e-con-full e-flex e-con e-child\" data-id=\"2e46ccf\" data-element_type=\"container\">\n\t\t\t\t<div class=\"elementor-element elementor-element-68a34ce elementor-widget elementor-widget-heading\" data-id=\"68a34ce\" data-element_type=\"widget\" data-widget_type=\"heading.default\">\n\t\t\t\t\t<h2 class=\"elementor-heading-title elementor-size-default\">Tulpenfest-App<\/h2>\t\t\t\t<\/div>\n\t\t\t\t<div class=\"elementor-element elementor-element-d3102f5 elementor-widget elementor-widget-text-editor\" data-id=\"d3102f5\" data-element_type=\"widget\" data-widget_type=\"text-editor.default\">\n\t\t\t\t\t\t\t\t\t<p>Wie sch\u00f6n ist es, w\u00e4hrend der Fahrt nicht nur die sch\u00f6nen Tulpenfelder zu genie\u00dfen, sondern auch Informationen \u00fcber den Tulpenanbau, die Geschichte des Nordostpolders und andere Aktivit\u00e4ten in diesem Gebiet zu erhalten?<\/p><p>Laden Sie also die aktualisierte kostenlose Tulpenfestival-App herunter. Sowohl die Auto- als auch die Fahrradroute k\u00f6nnen \u00fcber diese App verfolgt werden, und w\u00e4hrend der Fahrt liefern Audioclips Informationen \u00fcber das besondere Gebiet, durch das Sie fahren.<\/p><p>Verf\u00fcgbar in 3 Sprachen, Niederl\u00e4ndisch, Deutsch und Englisch.\u00a0<\/p>\t\t\t\t\t\t\t\t<\/div>\n\t\t\t\t<\/div>\n\t\t<div class=\"elementor-element elementor-element-704dd52 e-con-full e-flex e-con e-child\" data-id=\"704dd52\" data-element_type=\"container\">\n\t\t\t\t<div class=\"elementor-element elementor-element-2ad052b elementor-widget elementor-widget-image\" data-id=\"2ad052b\" data-element_type=\"widget\" data-widget_type=\"image.default\">\n\t\t\t\t\t\t\t\t\t\t\t\t\t\t\t<img fetchpriority=\"high\" decoding=\"async\" width=\"576\" height=\"1024\" src=\"https:\/\/tulpenfestival.nl\/wp-content\/uploads\/2026\/03\/iPhone-Tulpfestival-App-VeroCon-576x1024.png\" class=\"attachment-large size-large wp-image-2506\" alt=\"\" srcset=\"https:\/\/tulpenfestival.nl\/wp-content\/uploads\/2026\/03\/iPhone-Tulpfestival-App-VeroCon-576x1024.png 576w, https:\/\/tulpenfestival.nl\/wp-content\/uploads\/2026\/03\/iPhone-Tulpfestival-App-VeroCon-169x300.png 169w, https:\/\/tulpenfestival.nl\/wp-content\/uploads\/2026\/03\/iPhone-Tulpfestival-App-VeroCon-768x1365.png 768w, https:\/\/tulpenfestival.nl\/wp-content\/uploads\/2026\/03\/iPhone-Tulpfestival-App-VeroCon-864x1536.png 864w, https:\/\/tulpenfestival.nl\/wp-content\/uploads\/2026\/03\/iPhone-Tulpfestival-App-VeroCon-7x12.png 7w, https:\/\/tulpenfestival.nl\/wp-content\/uploads\/2026\/03\/iPhone-Tulpfestival-App-VeroCon.png 1080w\" sizes=\"(max-width: 576px) 100vw, 576px\" \/>\t\t\t\t\t\t\t\t\t\t\t\t\t\t\t<\/div>\n\t\t\t\t<\/div>\n\t\t\t\t\t<\/div>\n\t\t\t\t<\/div>\n\t\t<div class=\"elementor-element elementor-element-7a6c056 e-flex e-con-boxed e-con e-parent\" data-id=\"7a6c056\" data-element_type=\"container\">\n\t\t\t\t\t<div class=\"e-con-inner\">\n\t\t\t\t<div class=\"elementor-element elementor-element-da99b4d elementor-widget elementor-widget-heading\" data-id=\"da99b4d\" data-element_type=\"widget\" data-widget_type=\"heading.default\">\n\t\t\t\t\t<h2 class=\"elementor-heading-title elementor-size-default\">Tulpenfestival App herunterladen<\/h2>\t\t\t\t<\/div>\n\t\t\t\t<div class=\"elementor-element elementor-element-0bf89b6 elementor-widget elementor-widget-text-editor\" data-id=\"0bf89b6\" data-element_type=\"widget\" data-widget_type=\"text-editor.default\">\n\t\t\t\t\t\t\t\t\t<p>Holen Sie das Beste aus Ihrem Besuch beim Tulpenfestival Noordoostpolder heraus. Laden Sie die App herunter und starten Sie gut vorbereitet. Entdecken Sie praktische Stopps, aktuelle Tipps und sch\u00f6ne Orte entlang der Tulpenroute. Egal, ob Sie die Tulpen genie\u00dfen, etwas Leckeres probieren oder einfach eine entspannte Fahrt machen m\u00f6chten \u2013 mit der App haben Sie alles griffbereit f\u00fcr einen rundum gelungenen Tag im Polder.<\/p>\t\t\t\t\t\t\t\t<\/div>\n\t\t\t\t\t<\/div>\n\t\t\t\t<\/div>\n\t\t<div class=\"elementor-element elementor-element-896a836 e-flex e-con-boxed e-con e-parent\" data-id=\"896a836\" data-element_type=\"container\">\n\t\t\t\t\t<div class=\"e-con-inner\">\n\t\t<div class=\"elementor-element elementor-element-8cf7fc1 e-con-full e-flex e-con e-child\" data-id=\"8cf7fc1\" data-element_type=\"container\">\n\t\t\t\t<div class=\"elementor-element elementor-element-e8f9b80 elementor-align-right elementor-mobile-align-center elementor-widget elementor-widget-button\" data-id=\"e8f9b80\" data-element_type=\"widget\" data-widget_type=\"button.default\">\n\t\t\t\t\t\t\t\t\t\t<a class=\"elementor-button elementor-button-link elementor-size-sm elementor-animation-grow\" href=\"https:\/\/apps.apple.com\/nl\/app\/tulpenfestival-noordoostpolder\/id6760963106\" target=\"_blank\">\n\t\t\t\t\t\t<span class=\"elementor-button-content-wrapper\">\n\t\t\t\t\t\t<span class=\"elementor-button-icon\">\n\t\t\t\t<svg aria-hidden=\"true\" class=\"e-font-icon-svg e-fab-apple\" viewbox=\"0 0 384 512\" xmlns=\"http:\/\/www.w3.org\/2000\/svg\"><path d=\"M318.7 268.7c-.2-36.7 16.4-64.4 50-84.8-18.8-26.9-47.2-41.7-84.7-44.6-35.5-2.8-74.3 20.7-88.5 20.7-15 0-49.4-19.7-76.4-19.7C63.3 141.2 4 184.8 4 273.5q0 39.3 14.4 81.2c12.8 36.7 59 126.7 107.2 125.2 25.2-.6 43-17.9 75.8-17.9 31.8 0 48.3 17.9 76.4 17.9 48.6-.7 90.4-82.5 102.6-119.3-65.2-30.7-61.7-90-61.7-91.9zm-56.6-164.2c27.3-32.4 24.8-61.9 24-72.5-24.1 1.4-52 16.4-67.9 34.9-17.5 19.8-27.8 44.3-25.6 71.9 26.1 2 49.9-11.4 69.5-34.3z\"><\/path><\/svg>\t\t\t<\/span>\n\t\t\t\t\t\t\t\t\t<span class=\"elementor-button-text\">Apfel-Laden<\/span>\n\t\t\t\t\t<\/span>\n\t\t\t\t\t<\/a>\n\t\t\t\t\t\t\t\t<\/div>\n\t\t\t\t<\/div>\n\t\t<div class=\"elementor-element elementor-element-f13de35 e-con-full e-flex e-con e-child\" data-id=\"f13de35\" data-element_type=\"container\">\n\t\t\t\t<div class=\"elementor-element elementor-element-dac5b27 elementor-align-left elementor-mobile-align-center elementor-widget elementor-widget-button\" data-id=\"dac5b27\" data-element_type=\"widget\" data-widget_type=\"button.default\">\n\t\t\t\t\t\t\t\t\t\t<a class=\"elementor-button elementor-button-link elementor-size-sm elementor-animation-grow\" href=\"https:\/\/play.google.com\/store\/apps\/details?id=nl.tulpenfestival.app&#038;hl=nl\" target=\"_blank\">\n\t\t\t\t\t\t<span class=\"elementor-button-content-wrapper\">\n\t\t\t\t\t\t<span class=\"elementor-button-icon\">\n\t\t\t\t<svg aria-hidden=\"true\" class=\"e-font-icon-svg e-fab-google-play\" viewbox=\"0 0 512 512\" xmlns=\"http:\/\/www.w3.org\/2000\/svg\"><path d=\"M325.3 234.3L104.6 13l280.8 161.2-60.1 60.1zM47 0C34 6.8 25.3 19.2 25.3 35.3v441.3c0 16.1 8.7 28.5 21.7 35.3l256.6-256L47 0zm425.2 225.6l-58.9-34.1-65.7 64.5 65.7 64.5 60.1-34.1c18-14.3 18-46.5-1.2-60.8zM104.6 499l280.8-161.2-60.1-60.1L104.6 499z\"><\/path><\/svg>\t\t\t<\/span>\n\t\t\t\t\t\t\t\t\t<span class=\"elementor-button-text\">Google Play<\/span>\n\t\t\t\t\t<\/span>\n\t\t\t\t\t<\/a>\n\t\t\t\t\t\t\t\t<\/div>\n\t\t\t\t<\/div>\n\t\t\t\t\t<\/div>\n\t\t\t\t<\/div>\n\t\t<div class=\"elementor-element elementor-element-a46d56a e-flex e-con-boxed e-con e-parent\" data-id=\"a46d56a\" data-element_type=\"container\">\n\t\t\t\t\t<div class=\"e-con-inner\">\n\t\t\t\t\t<\/div>\n\t\t\t\t<\/div>\n\t\t<div class=\"elementor-element elementor-element-00a1ec7 e-flex e-con-boxed e-con e-parent\" data-id=\"00a1ec7\" data-element_type=\"container\">\n\t\t\t\t\t<div class=\"e-con-inner\">\n\t\t\t\t<div class=\"elementor-element elementor-element-927918e elementor-widget elementor-widget-video\" data-id=\"927918e\" data-element_type=\"widget\" data-settings=\"{&quot;video_type&quot;:&quot;hosted&quot;,&quot;autoplay&quot;:&quot;yes&quot;,&quot;controls&quot;:&quot;yes&quot;}\" data-widget_type=\"video.default\">\n\t\t\t\t\t\t\t<div class=\"e-hosted-video elementor-wrapper elementor-open-inline\">\n\t\t\t\t\t<video class=\"elementor-video\" src=\"https:\/\/tulpenfestival.nl\/wp-content\/uploads\/2026\/03\/Mockup-Tulpfestival-App-v2.mp4\" autoplay=\"\" controls=\"\" controlslist=\"nodownload\"><\/video>\n\t\t\t\t<\/div>\n\t\t\t\t\t\t<\/div>\n\t\t\t\t\t<\/div>\n\t\t\t\t<\/div>\n\t\t<div class=\"elementor-element elementor-element-314c811 e-flex e-con-boxed e-con e-parent\" data-id=\"314c811\" data-element_type=\"container\">\n\t\t\t\t\t<div class=\"e-con-inner\">\n\t\t\t\t\t<\/div>\n\t\t\t\t<\/div>\n\t\t\t\t<\/div>","protected":false},"excerpt":{"rendered":"<p>Tulpenfestival app Hoe leuk is het om naast het genieten van de prachtige tulpenvelden, tijdens je rit ook informatie te krijgen over de tulpenteelt, de historie van de Noordoostpolder en [&hellip;]<\/p>","protected":false},"author":1,"featured_media":0,"parent":0,"menu_order":0,"comment_status":"closed","ping_status":"closed","template":"","meta":{"footnotes":""},"class_list":["post-1057","page","type-page","status-publish","hentry"],"_links":{"self":[{"href":"https:\/\/tulpenfestival.nl\/de\/wp-json\/wp\/v2\/pages\/1057","targetHints":{"allow":["GET"]}}],"collection":[{"href":"https:\/\/tulpenfestival.nl\/de\/wp-json\/wp\/v2\/pages"}],"about":[{"href":"https:\/\/tulpenfestival.nl\/de\/wp-json\/wp\/v2\/types\/page"}],"author":[{"embeddable":true,"href":"https:\/\/tulpenfestival.nl\/de\/wp-json\/wp\/v2\/users\/1"}],"replies":[{"embeddable":true,"href":"https:\/\/tulpenfestival.nl\/de\/wp-json\/wp\/v2\/comments?post=1057"}],"version-history":[{"count":100,"href":"https:\/\/tulpenfestival.nl\/de\/wp-json\/wp\/v2\/pages\/1057\/revisions"}],"predecessor-version":[{"id":2535,"href":"https:\/\/tulpenfestival.nl\/de\/wp-json\/wp\/v2\/pages\/1057\/revisions\/2535"}],"wp:attachment":[{"href":"https:\/\/tulpenfestival.nl\/de\/wp-json\/wp\/v2\/media?parent=1057"}],"curies":[{"name":"wp","href":"https:\/\/api.w.org\/{rel}","templated":true}]}}